{"id":999,"date":"2024-08-01T11:50:02","date_gmt":"2024-08-01T14:50:02","guid":{"rendered":"https:\/\/glauciamodaintimasje.com.br\/site\/?post_type=product&#038;p=999"},"modified":"2025-03-31T10:56:58","modified_gmt":"2025-03-31T13:56:58","slug":"sutia-taca-zee-rucci-4","status":"publish","type":"product","link":"https:\/\/glauciamodaintimasje.com.br\/site\/?product=sutia-taca-zee-rucci-4","title":{"rendered":"SUTI\u00c3 TA\u00c7A ZEE RUCCI"},"content":{"rendered":"<p>82% POLIAMIDA<\/p>\n<p>18% ELASTANO<\/p>\n<p>CONFORT\u00c1VEL<\/p>\n<p>\u00d3TIMA DURABILIDADE<\/p>\n<p>Tam. 46 TA\u00c7A B<\/p>\n<p>BEGE<\/p>\n","protected":false},"excerpt":{"rendered":"<p>82% POLIAMIDA 18% ELASTANO CONFORT\u00c1VEL \u00d3TIMA DURABILIDADE Tam. 46 TA\u00c7A B BEGE<\/p>\n","protected":false},"featured_media":990,"template":"","meta":[],"product_cat":[238],"product_tag":[81,52,53,43,67,50,51,80],"class_list":{"0":"post-999","1":"product","2":"type-product","3":"status-publish","4":"has-post-thumbnail","6":"product_cat-sutia-basico-c-bojo","7":"product_tag-bege","8":"product_tag-com-aro","9":"product_tag-com-bojo","10":"product_tag-confortavel","11":"product_tag-nude","12":"product_tag-soutien","13":"product_tag-sutia","14":"product_tag-zee-rucci","16":"first","17":"outofstock","18":"sale","19":"shipping-taxable","20":"purchasable","21":"product-type-simple"},"_links":{"self":[{"href":"https:\/\/glauciamodaintimasje.com.br\/site\/index.php?rest_route=\/wp\/v2\/product\/999"}],"collection":[{"href":"https:\/\/glauciamodaintimasje.com.br\/site\/index.php?rest_route=\/wp\/v2\/product"}],"about":[{"href":"https:\/\/glauciamodaintimasje.com.br\/site\/index.php?rest_route=\/wp\/v2\/types\/product"}],"wp:featuredmedia":[{"embeddable":true,"href":"https:\/\/glauciamodaintimasje.com.br\/site\/index.php?rest_route=\/wp\/v2\/media\/990"}],"wp:attachment":[{"href":"https:\/\/glauciamodaintimasje.com.br\/site\/index.php?rest_route=%2Fwp%2Fv2%2Fmedia&parent=999"}],"wp:term":[{"taxonomy":"product_cat","embeddable":true,"href":"https:\/\/glauciamodaintimasje.com.br\/site\/index.php?rest_route=%2Fwp%2Fv2%2Fproduct_cat&post=999"},{"taxonomy":"product_tag","embeddable":true,"href":"https:\/\/glauciamodaintimasje.com.br\/site\/index.php?rest_route=%2Fwp%2Fv2%2Fproduct_tag&post=999"}],"curies":[{"name":"wp","href":"https:\/\/api.w.org\/{rel}","templated":true}]}}