{"id":994,"date":"2024-08-01T10:54:33","date_gmt":"2024-08-01T13:54:33","guid":{"rendered":"https:\/\/glauciamodaintimasje.com.br\/site\/?post_type=product&#038;p=994"},"modified":"2025-03-31T11:15:10","modified_gmt":"2025-03-31T14:15:10","slug":"sutia-taca-zee-rucci-2","status":"publish","type":"product","link":"https:\/\/glauciamodaintimasje.com.br\/site\/?product=sutia-taca-zee-rucci-2","title":{"rendered":"SUTI\u00c3 TA\u00c7A ZEE RUCCI"},"content":{"rendered":"<p>82% POLIAMIDA<\/p>\n<p>18% ELASTANO<\/p>\n<p>CONFORT\u00c1VEL<\/p>\n<p>\u00d3TIMA DURABILIDADE<\/p>\n<p>Tam. 44 TA\u00c7A B<\/p>\n<p>BEGE<\/p>\n","protected":false},"excerpt":{"rendered":"<p>82% POLIAMIDA 18% ELASTANO CONFORT\u00c1VEL \u00d3TIMA DURABILIDADE Tam. 44 TA\u00c7A B BEGE<\/p>\n","protected":false},"featured_media":990,"template":"","meta":[],"product_cat":[242],"product_tag":[54,81,52,53,43,67,50,51,80],"class_list":{"0":"post-994","1":"product","2":"type-product","3":"status-publish","4":"has-post-thumbnail","6":"product_cat-sutia-tacas","7":"product_tag-alca-regulavel","8":"product_tag-bege","9":"product_tag-com-aro","10":"product_tag-com-bojo","11":"product_tag-confortavel","12":"product_tag-nude","13":"product_tag-soutien","14":"product_tag-sutia","15":"product_tag-zee-rucci","17":"first","18":"outofstock","19":"sale","20":"shipping-taxable","21":"purchasable","22":"product-type-simple"},"_links":{"self":[{"href":"https:\/\/glauciamodaintimasje.com.br\/site\/index.php?rest_route=\/wp\/v2\/product\/994"}],"collection":[{"href":"https:\/\/glauciamodaintimasje.com.br\/site\/index.php?rest_route=\/wp\/v2\/product"}],"about":[{"href":"https:\/\/glauciamodaintimasje.com.br\/site\/index.php?rest_route=\/wp\/v2\/types\/product"}],"wp:featuredmedia":[{"embeddable":true,"href":"https:\/\/glauciamodaintimasje.com.br\/site\/index.php?rest_route=\/wp\/v2\/media\/990"}],"wp:attachment":[{"href":"https:\/\/glauciamodaintimasje.com.br\/site\/index.php?rest_route=%2Fwp%2Fv2%2Fmedia&parent=994"}],"wp:term":[{"taxonomy":"product_cat","embeddable":true,"href":"https:\/\/glauciamodaintimasje.com.br\/site\/index.php?rest_route=%2Fwp%2Fv2%2Fproduct_cat&post=994"},{"taxonomy":"product_tag","embeddable":true,"href":"https:\/\/glauciamodaintimasje.com.br\/site\/index.php?rest_route=%2Fwp%2Fv2%2Fproduct_tag&post=994"}],"curies":[{"name":"wp","href":"https:\/\/api.w.org\/{rel}","templated":true}]}}