{"id":985,"date":"2024-08-01T10:11:56","date_gmt":"2024-08-01T13:11:56","guid":{"rendered":"https:\/\/glauciamodaintimasje.com.br\/site\/?post_type=product&#038;p=985"},"modified":"2025-03-31T10:56:31","modified_gmt":"2025-03-31T13:56:31","slug":"sutia-zee-rucci","status":"publish","type":"product","link":"https:\/\/glauciamodaintimasje.com.br\/site\/?product=sutia-zee-rucci","title":{"rendered":"SUTI\u00c3 ZEE RUCCI"},"content":{"rendered":"<p>SUTI\u00c3 PUSH UP<\/p>\n<p>SEM BOLHA LASER<\/p>\n<p>LEVANTA OS SEIOS SEM D\u00c1 VOLUME<\/p>\n<p>CONFORT\u00c1VEL<\/p>\n<p>\u00d3TIMA DURABILIDADE<\/p>\n<p>Tam. 46<\/p>\n<p>BEGE<\/p>\n","protected":false},"excerpt":{"rendered":"<p>SUTI\u00c3 PUSH UP SEM BOLHA LASER LEVANTA OS SEIOS SEM D\u00c1 VOLUME CONFORT\u00c1VEL \u00d3TIMA DURABILIDADE Tam. 46 BEGE<\/p>\n","protected":false},"featured_media":986,"template":"","meta":[],"product_cat":[238],"product_tag":[54,81,53,43,67,50,51,80],"class_list":{"0":"post-985","1":"product","2":"type-product","3":"status-publish","4":"has-post-thumbnail","6":"product_cat-sutia-basico-c-bojo","7":"product_tag-alca-regulavel","8":"product_tag-bege","9":"product_tag-com-bojo","10":"product_tag-confortavel","11":"product_tag-nude","12":"product_tag-soutien","13":"product_tag-sutia","14":"product_tag-zee-rucci","16":"first","17":"outofstock","18":"sale","19":"shipping-taxable","20":"purchasable","21":"product-type-simple"},"_links":{"self":[{"href":"https:\/\/glauciamodaintimasje.com.br\/site\/index.php?rest_route=\/wp\/v2\/product\/985"}],"collection":[{"href":"https:\/\/glauciamodaintimasje.com.br\/site\/index.php?rest_route=\/wp\/v2\/product"}],"about":[{"href":"https:\/\/glauciamodaintimasje.com.br\/site\/index.php?rest_route=\/wp\/v2\/types\/product"}],"wp:featuredmedia":[{"embeddable":true,"href":"https:\/\/glauciamodaintimasje.com.br\/site\/index.php?rest_route=\/wp\/v2\/media\/986"}],"wp:attachment":[{"href":"https:\/\/glauciamodaintimasje.com.br\/site\/index.php?rest_route=%2Fwp%2Fv2%2Fmedia&parent=985"}],"wp:term":[{"taxonomy":"product_cat","embeddable":true,"href":"https:\/\/glauciamodaintimasje.com.br\/site\/index.php?rest_route=%2Fwp%2Fv2%2Fproduct_cat&post=985"},{"taxonomy":"product_tag","embeddable":true,"href":"https:\/\/glauciamodaintimasje.com.br\/site\/index.php?rest_route=%2Fwp%2Fv2%2Fproduct_tag&post=985"}],"curies":[{"name":"wp","href":"https:\/\/api.w.org\/{rel}","templated":true}]}}