{"id":914,"date":"2024-07-30T15:49:21","date_gmt":"2024-07-30T18:49:21","guid":{"rendered":"https:\/\/glauciamodaintimasje.com.br\/site\/?post_type=product&#038;p=914"},"modified":"2025-03-31T11:30:45","modified_gmt":"2025-03-31T14:30:45","slug":"soutien-preto-basico-7-em-1-loba","status":"publish","type":"product","link":"https:\/\/glauciamodaintimasje.com.br\/site\/?product=soutien-preto-basico-7-em-1-loba","title":{"rendered":"SOUTIEN PRETO B\u00c1SICO 7 EM 1 LOBA"},"content":{"rendered":"<p>75% POLIAMIDA<\/p>\n<p>25%ELASTANO<\/p>\n<p>BOJO 100% POLIESTER<\/p>\n<p>Pe\u00e7a com bojo e aro que modela e sustenta suavemente . Um sistema de presilha e al\u00e7as permite 7 op\u00e7\u00f5es de uso para pe\u00e7as com decotes nas costas, inclusive os mais profundos.<\/p>\n<p>Tam. 44<\/p>\n<p>Cor: Preto<\/p>\n","protected":false},"excerpt":{"rendered":"<p>75% POLIAMIDA 25%ELASTANO BOJO 100% POLIESTER Pe\u00e7a com bojo e aro que modela e sustenta suavemente . Um sistema de presilha e al\u00e7as permite 7 op\u00e7\u00f5es de uso para pe\u00e7as com decotes nas costas, inclusive os mais profundos. Tam. 44 Cor: Preto<\/p>\n","protected":false},"featured_media":915,"template":"","meta":[],"product_cat":[238],"product_tag":[43,57,58,59,51],"class_list":{"0":"post-914","1":"product","2":"type-product","3":"status-publish","4":"has-post-thumbnail","6":"product_cat-sutia-basico-c-bojo","7":"product_tag-confortavel","8":"product_tag-loba","9":"product_tag-para-usar-com-decote-nas-costas","10":"product_tag-preto","11":"product_tag-sutia","13":"first","14":"instock","15":"sale","16":"shipping-taxable","17":"purchasable","18":"product-type-simple"},"_links":{"self":[{"href":"https:\/\/glauciamodaintimasje.com.br\/site\/index.php?rest_route=\/wp\/v2\/product\/914"}],"collection":[{"href":"https:\/\/glauciamodaintimasje.com.br\/site\/index.php?rest_route=\/wp\/v2\/product"}],"about":[{"href":"https:\/\/glauciamodaintimasje.com.br\/site\/index.php?rest_route=\/wp\/v2\/types\/product"}],"wp:featuredmedia":[{"embeddable":true,"href":"https:\/\/glauciamodaintimasje.com.br\/site\/index.php?rest_route=\/wp\/v2\/media\/915"}],"wp:attachment":[{"href":"https:\/\/glauciamodaintimasje.com.br\/site\/index.php?rest_route=%2Fwp%2Fv2%2Fmedia&parent=914"}],"wp:term":[{"taxonomy":"product_cat","embeddable":true,"href":"https:\/\/glauciamodaintimasje.com.br\/site\/index.php?rest_route=%2Fwp%2Fv2%2Fproduct_cat&post=914"},{"taxonomy":"product_tag","embeddable":true,"href":"https:\/\/glauciamodaintimasje.com.br\/site\/index.php?rest_route=%2Fwp%2Fv2%2Fproduct_tag&post=914"}],"curies":[{"name":"wp","href":"https:\/\/api.w.org\/{rel}","templated":true}]}}