{"id":910,"date":"2024-07-30T15:31:05","date_gmt":"2024-07-30T18:31:05","guid":{"rendered":"https:\/\/glauciamodaintimasje.com.br\/site\/?post_type=product&#038;p=910"},"modified":"2025-05-23T16:26:49","modified_gmt":"2025-05-23T19:26:49","slug":"soutien-duloren-paprika-ref-121297","status":"publish","type":"product","link":"https:\/\/glauciamodaintimasje.com.br\/site\/?product=soutien-duloren-paprika-ref-121297","title":{"rendered":"SOUTIEN DULOREN P\u00c1PRIKA REF.121297"},"content":{"rendered":"<p>Soutien todo em lycra de m\u00e9dia compress\u00e3o.<\/p>\n<p>Bojo estruturado com aro.<\/p>\n<p>Ta\u00e7a profunda.<\/p>\n<p>Oferece firmeza e sustenta\u00e7\u00e3o aos seios.<\/p>\n<p>Laterais largas redutora.<\/p>\n<p>Al\u00e7as decoradas com lurex, fixas e regul\u00e1veis.<\/p>\n<p>La\u00e7o rococ\u00f3 ao centro.<\/p>\n<p>Tam. 42<\/p>\n<p>Cor: P\u00e1prika<\/p>\n<p>&nbsp;<\/p>\n","protected":false},"excerpt":{"rendered":"<p>Soutien todo em lycra de m\u00e9dia compress\u00e3o. Bojo estruturado com aro. Ta\u00e7a profunda. Oferece firmeza e sustenta\u00e7\u00e3o aos seios. Laterais largas redutora. Al\u00e7as decoradas com lurex, fixas e regul\u00e1veis. La\u00e7o rococ\u00f3 ao centro. Tam. 42 Cor: P\u00e1prika &nbsp;<\/p>\n","protected":false},"featured_media":911,"template":"","meta":[],"product_cat":[228,238],"product_tag":[52,53,43,50,56,51],"class_list":{"0":"post-910","1":"product","2":"type-product","3":"status-publish","4":"has-post-thumbnail","6":"product_cat-apenas-retirada-na-loja","7":"product_cat-sutia-basico-c-bojo","8":"product_tag-com-aro","9":"product_tag-com-bojo","10":"product_tag-confortavel","11":"product_tag-soutien","12":"product_tag-sustentavel","13":"product_tag-sutia","15":"first","16":"outofstock","17":"sale","18":"shipping-taxable","19":"purchasable","20":"product-type-simple"},"_links":{"self":[{"href":"https:\/\/glauciamodaintimasje.com.br\/site\/index.php?rest_route=\/wp\/v2\/product\/910"}],"collection":[{"href":"https:\/\/glauciamodaintimasje.com.br\/site\/index.php?rest_route=\/wp\/v2\/product"}],"about":[{"href":"https:\/\/glauciamodaintimasje.com.br\/site\/index.php?rest_route=\/wp\/v2\/types\/product"}],"wp:featuredmedia":[{"embeddable":true,"href":"https:\/\/glauciamodaintimasje.com.br\/site\/index.php?rest_route=\/wp\/v2\/media\/911"}],"wp:attachment":[{"href":"https:\/\/glauciamodaintimasje.com.br\/site\/index.php?rest_route=%2Fwp%2Fv2%2Fmedia&parent=910"}],"wp:term":[{"taxonomy":"product_cat","embeddable":true,"href":"https:\/\/glauciamodaintimasje.com.br\/site\/index.php?rest_route=%2Fwp%2Fv2%2Fproduct_cat&post=910"},{"taxonomy":"product_tag","embeddable":true,"href":"https:\/\/glauciamodaintimasje.com.br\/site\/index.php?rest_route=%2Fwp%2Fv2%2Fproduct_tag&post=910"}],"curies":[{"name":"wp","href":"https:\/\/api.w.org\/{rel}","templated":true}]}}