{"id":5766,"date":"2025-03-26T10:04:16","date_gmt":"2025-03-26T13:04:16","guid":{"rendered":"https:\/\/glauciamodaintimasje.com.br\/site\/?post_type=product&#038;p=5766"},"modified":"2025-03-28T16:11:47","modified_gmt":"2025-03-28T19:11:47","slug":"sutia-amamentacao-leann-disfarce-tam-44-ref-1052","status":"publish","type":"product","link":"https:\/\/glauciamodaintimasje.com.br\/site\/?product=sutia-amamentacao-leann-disfarce-tam-44-ref-1052","title":{"rendered":"SUTI\u00c3 AMAMENTA\u00c7\u00c3O LEANN DISFARCE TAM: 44 REF. 1052"},"content":{"rendered":"<p>CONFORTO E QUALIDADE<\/p>\n<p>TAM: 44<\/p>\n<p>COR: PRETO<\/p>\n<p>REF. 1052<\/p>\n","protected":false},"excerpt":{"rendered":"<p>CONFORTO E QUALIDADE TAM: 44 COR: PRETO REF. 1052<\/p>\n","protected":false},"featured_media":5913,"template":"","meta":[],"product_cat":[235],"product_tag":[],"class_list":{"0":"post-5766","1":"product","2":"type-product","3":"status-publish","4":"has-post-thumbnail","6":"product_cat-sutia-amamentacao","8":"first","9":"outofstock","10":"shipping-taxable","11":"purchasable","12":"product-type-simple"},"_links":{"self":[{"href":"https:\/\/glauciamodaintimasje.com.br\/site\/index.php?rest_route=\/wp\/v2\/product\/5766"}],"collection":[{"href":"https:\/\/glauciamodaintimasje.com.br\/site\/index.php?rest_route=\/wp\/v2\/product"}],"about":[{"href":"https:\/\/glauciamodaintimasje.com.br\/site\/index.php?rest_route=\/wp\/v2\/types\/product"}],"wp:featuredmedia":[{"embeddable":true,"href":"https:\/\/glauciamodaintimasje.com.br\/site\/index.php?rest_route=\/wp\/v2\/media\/5913"}],"wp:attachment":[{"href":"https:\/\/glauciamodaintimasje.com.br\/site\/index.php?rest_route=%2Fwp%2Fv2%2Fmedia&parent=5766"}],"wp:term":[{"taxonomy":"product_cat","embeddable":true,"href":"https:\/\/glauciamodaintimasje.com.br\/site\/index.php?rest_route=%2Fwp%2Fv2%2Fproduct_cat&post=5766"},{"taxonomy":"product_tag","embeddable":true,"href":"https:\/\/glauciamodaintimasje.com.br\/site\/index.php?rest_route=%2Fwp%2Fv2%2Fproduct_tag&post=5766"}],"curies":[{"name":"wp","href":"https:\/\/api.w.org\/{rel}","templated":true}]}}