{"id":5762,"date":"2025-03-26T10:01:46","date_gmt":"2025-03-26T13:01:46","guid":{"rendered":"https:\/\/glauciamodaintimasje.com.br\/site\/?post_type=product&#038;p=5762"},"modified":"2025-03-28T16:09:54","modified_gmt":"2025-03-28T19:09:54","slug":"sutia-amamentacao-leann-disfarce-tam-42-ref-1052-2","status":"publish","type":"product","link":"https:\/\/glauciamodaintimasje.com.br\/site\/?product=sutia-amamentacao-leann-disfarce-tam-42-ref-1052-2","title":{"rendered":"SUTI\u00c3 AMAMENTA\u00c7\u00c3O LEANN DISFARCE TAM: 42 REF. 1052"},"content":{"rendered":"<p>CONFORTO E QUALIDADE<\/p>\n<p>TAM: 42<\/p>\n<p>COR: PRETO<\/p>\n<p>REF. 1052<\/p>\n","protected":false},"excerpt":{"rendered":"<p>CONFORTO E QUALIDADE TAM: 42 COR: PRETO REF. 1052<\/p>\n","protected":false},"featured_media":5763,"template":"","meta":[],"product_cat":[235],"product_tag":[],"class_list":{"0":"post-5762","1":"product","2":"type-product","3":"status-publish","4":"has-post-thumbnail","6":"product_cat-sutia-amamentacao","8":"first","9":"instock","10":"shipping-taxable","11":"purchasable","12":"product-type-simple"},"_links":{"self":[{"href":"https:\/\/glauciamodaintimasje.com.br\/site\/index.php?rest_route=\/wp\/v2\/product\/5762"}],"collection":[{"href":"https:\/\/glauciamodaintimasje.com.br\/site\/index.php?rest_route=\/wp\/v2\/product"}],"about":[{"href":"https:\/\/glauciamodaintimasje.com.br\/site\/index.php?rest_route=\/wp\/v2\/types\/product"}],"wp:featuredmedia":[{"embeddable":true,"href":"https:\/\/glauciamodaintimasje.com.br\/site\/index.php?rest_route=\/wp\/v2\/media\/5763"}],"wp:attachment":[{"href":"https:\/\/glauciamodaintimasje.com.br\/site\/index.php?rest_route=%2Fwp%2Fv2%2Fmedia&parent=5762"}],"wp:term":[{"taxonomy":"product_cat","embeddable":true,"href":"https:\/\/glauciamodaintimasje.com.br\/site\/index.php?rest_route=%2Fwp%2Fv2%2Fproduct_cat&post=5762"},{"taxonomy":"product_tag","embeddable":true,"href":"https:\/\/glauciamodaintimasje.com.br\/site\/index.php?rest_route=%2Fwp%2Fv2%2Fproduct_tag&post=5762"}],"curies":[{"name":"wp","href":"https:\/\/api.w.org\/{rel}","templated":true}]}}