{"id":5587,"date":"2025-03-24T11:57:51","date_gmt":"2025-03-24T14:57:51","guid":{"rendered":"https:\/\/glauciamodaintimasje.com.br\/site\/?post_type=product&#038;p=5587"},"modified":"2025-08-09T09:56:17","modified_gmt":"2025-08-09T12:56:17","slug":"sutia-estetico-para-protese-externa-plie-tam-gg-ref-50336","status":"publish","type":"product","link":"https:\/\/glauciamodaintimasje.com.br\/site\/?product=sutia-estetico-para-protese-externa-plie-tam-gg-ref-50336","title":{"rendered":"SUTI\u00c3 EST\u00c9TICO PARA PR\u00d3TESE EXTERNA PLI\u00c9 TAM: GG REF. 50336"},"content":{"rendered":"<p>CONFORTO E QUALIDADE<\/p>\n<p>TAM: G<\/p>\n<p>COR: BASE<\/p>\n<p>REF. 50336<\/p>\n","protected":false},"excerpt":{"rendered":"<p>CONFORTO E QUALIDADE TAM: G COR: BASE REF. 50336<\/p>\n","protected":false},"featured_media":5588,"template":"","meta":[],"product_cat":[],"product_tag":[],"class_list":{"0":"post-5587","1":"product","2":"type-product","3":"status-publish","4":"has-post-thumbnail","7":"first","8":"instock","9":"shipping-taxable","10":"purchasable","11":"product-type-simple"},"_links":{"self":[{"href":"https:\/\/glauciamodaintimasje.com.br\/site\/index.php?rest_route=\/wp\/v2\/product\/5587"}],"collection":[{"href":"https:\/\/glauciamodaintimasje.com.br\/site\/index.php?rest_route=\/wp\/v2\/product"}],"about":[{"href":"https:\/\/glauciamodaintimasje.com.br\/site\/index.php?rest_route=\/wp\/v2\/types\/product"}],"wp:featuredmedia":[{"embeddable":true,"href":"https:\/\/glauciamodaintimasje.com.br\/site\/index.php?rest_route=\/wp\/v2\/media\/5588"}],"wp:attachment":[{"href":"https:\/\/glauciamodaintimasje.com.br\/site\/index.php?rest_route=%2Fwp%2Fv2%2Fmedia&parent=5587"}],"wp:term":[{"taxonomy":"product_cat","embeddable":true,"href":"https:\/\/glauciamodaintimasje.com.br\/site\/index.php?rest_route=%2Fwp%2Fv2%2Fproduct_cat&post=5587"},{"taxonomy":"product_tag","embeddable":true,"href":"https:\/\/glauciamodaintimasje.com.br\/site\/index.php?rest_route=%2Fwp%2Fv2%2Fproduct_tag&post=5587"}],"curies":[{"name":"wp","href":"https:\/\/api.w.org\/{rel}","templated":true}]}}