{"id":5348,"date":"2025-03-20T16:39:17","date_gmt":"2025-03-20T19:39:17","guid":{"rendered":"https:\/\/glauciamodaintimasje.com.br\/site\/?post_type=product&#038;p=5348"},"modified":"2025-06-27T18:03:16","modified_gmt":"2025-06-27T21:03:16","slug":"sutia-de-amamentacao-loba-tam-m-ref-41034-001-2","status":"publish","type":"product","link":"https:\/\/glauciamodaintimasje.com.br\/site\/?product=sutia-de-amamentacao-loba-tam-m-ref-41034-001-2","title":{"rendered":"SUTI\u00c3 DE AMAMENTA\u00c7\u00c3O LOBA TAM: M REF. 41034-001"},"content":{"rendered":"<p>CONFORTO E QUALIDADE<\/p>\n<p>TAM: M<\/p>\n<p>MANEQUIM 40 A 42<\/p>\n<p>COR: PRETA<\/p>\n<p>REF. 41034-001<\/p>\n","protected":false},"excerpt":{"rendered":"<p>CONFORTO E QUALIDADE TAM: M MANEQUIM 40 A 42 COR: PRETA REF. 41034-001<\/p>\n","protected":false},"featured_media":5349,"template":"","meta":[],"product_cat":[235],"product_tag":[],"class_list":{"0":"post-5348","1":"product","2":"type-product","3":"status-publish","4":"has-post-thumbnail","6":"product_cat-sutia-amamentacao","8":"first","9":"instock","10":"shipping-taxable","11":"purchasable","12":"product-type-simple"},"_links":{"self":[{"href":"https:\/\/glauciamodaintimasje.com.br\/site\/index.php?rest_route=\/wp\/v2\/product\/5348"}],"collection":[{"href":"https:\/\/glauciamodaintimasje.com.br\/site\/index.php?rest_route=\/wp\/v2\/product"}],"about":[{"href":"https:\/\/glauciamodaintimasje.com.br\/site\/index.php?rest_route=\/wp\/v2\/types\/product"}],"wp:featuredmedia":[{"embeddable":true,"href":"https:\/\/glauciamodaintimasje.com.br\/site\/index.php?rest_route=\/wp\/v2\/media\/5349"}],"wp:attachment":[{"href":"https:\/\/glauciamodaintimasje.com.br\/site\/index.php?rest_route=%2Fwp%2Fv2%2Fmedia&parent=5348"}],"wp:term":[{"taxonomy":"product_cat","embeddable":true,"href":"https:\/\/glauciamodaintimasje.com.br\/site\/index.php?rest_route=%2Fwp%2Fv2%2Fproduct_cat&post=5348"},{"taxonomy":"product_tag","embeddable":true,"href":"https:\/\/glauciamodaintimasje.com.br\/site\/index.php?rest_route=%2Fwp%2Fv2%2Fproduct_tag&post=5348"}],"curies":[{"name":"wp","href":"https:\/\/api.w.org\/{rel}","templated":true}]}}