{"id":4411,"date":"2025-03-06T16:25:45","date_gmt":"2025-03-06T19:25:45","guid":{"rendered":"https:\/\/glauciamodaintimasje.com.br\/site\/?post_type=product&#038;p=4411"},"modified":"2025-03-29T09:41:18","modified_gmt":"2025-03-29T12:41:18","slug":"sutia-sustentacao-tomara-que-caia-sanny-tam-48-ref-178446","status":"publish","type":"product","link":"https:\/\/glauciamodaintimasje.com.br\/site\/?product=sutia-sustentacao-tomara-que-caia-sanny-tam-48-ref-178446","title":{"rendered":"SUTI\u00c3 SUSTENTA\u00c7\u00c3O TOMARA QUE CAIA SANNY TAM: 48 REF. 178446"},"content":{"rendered":"<p>CONFORTO E QUALIDADE<\/p>\n<p>TAM: 48<\/p>\n<p>COR: PRETO<\/p>\n<p>REF. 178446<\/p>\n","protected":false},"excerpt":{"rendered":"<p>CONFORTO E QUALIDADE TAM: 48 COR: PRETO REF. 178446<\/p>\n","protected":false},"featured_media":4436,"template":"","meta":[],"product_cat":[241],"product_tag":[],"class_list":{"0":"post-4411","1":"product","2":"type-product","3":"status-publish","4":"has-post-thumbnail","6":"product_cat-sutia-tomara-que-caia","8":"first","9":"instock","10":"shipping-taxable","11":"purchasable","12":"product-type-simple"},"_links":{"self":[{"href":"https:\/\/glauciamodaintimasje.com.br\/site\/index.php?rest_route=\/wp\/v2\/product\/4411"}],"collection":[{"href":"https:\/\/glauciamodaintimasje.com.br\/site\/index.php?rest_route=\/wp\/v2\/product"}],"about":[{"href":"https:\/\/glauciamodaintimasje.com.br\/site\/index.php?rest_route=\/wp\/v2\/types\/product"}],"wp:featuredmedia":[{"embeddable":true,"href":"https:\/\/glauciamodaintimasje.com.br\/site\/index.php?rest_route=\/wp\/v2\/media\/4436"}],"wp:attachment":[{"href":"https:\/\/glauciamodaintimasje.com.br\/site\/index.php?rest_route=%2Fwp%2Fv2%2Fmedia&parent=4411"}],"wp:term":[{"taxonomy":"product_cat","embeddable":true,"href":"https:\/\/glauciamodaintimasje.com.br\/site\/index.php?rest_route=%2Fwp%2Fv2%2Fproduct_cat&post=4411"},{"taxonomy":"product_tag","embeddable":true,"href":"https:\/\/glauciamodaintimasje.com.br\/site\/index.php?rest_route=%2Fwp%2Fv2%2Fproduct_tag&post=4411"}],"curies":[{"name":"wp","href":"https:\/\/api.w.org\/{rel}","templated":true}]}}