{"id":3674,"date":"2025-02-21T17:08:51","date_gmt":"2025-02-21T20:08:51","guid":{"rendered":"https:\/\/glauciamodaintimasje.com.br\/site\/?post_type=product&#038;p=3674"},"modified":"2025-05-05T10:07:02","modified_gmt":"2025-05-05T13:07:02","slug":"sutia-amamentacao-dulore-tam-46-ref-121226","status":"publish","type":"product","link":"https:\/\/glauciamodaintimasje.com.br\/site\/?product=sutia-amamentacao-dulore-tam-46-ref-121226","title":{"rendered":"SUTI\u00c3 AMAMENTA\u00c7\u00c3O DULORE TAM: 46 REF. 121226"},"content":{"rendered":"<p>CONFORTO E QUALIDADE<\/p>\n<p>TAM: 46<\/p>\n<p>COR: PRETO<\/p>\n<p>REF. 121226<\/p>\n","protected":false},"excerpt":{"rendered":"<p>CONFORTO E QUALIDADE TAM: 46 COR: PRETO REF. 121226<\/p>\n","protected":false},"featured_media":3673,"template":"","meta":[],"product_cat":[235],"product_tag":[],"class_list":{"0":"post-3674","1":"product","2":"type-product","3":"status-publish","4":"has-post-thumbnail","6":"product_cat-sutia-amamentacao","8":"first","9":"outofstock","10":"shipping-taxable","11":"purchasable","12":"product-type-simple"},"_links":{"self":[{"href":"https:\/\/glauciamodaintimasje.com.br\/site\/index.php?rest_route=\/wp\/v2\/product\/3674"}],"collection":[{"href":"https:\/\/glauciamodaintimasje.com.br\/site\/index.php?rest_route=\/wp\/v2\/product"}],"about":[{"href":"https:\/\/glauciamodaintimasje.com.br\/site\/index.php?rest_route=\/wp\/v2\/types\/product"}],"wp:featuredmedia":[{"embeddable":true,"href":"https:\/\/glauciamodaintimasje.com.br\/site\/index.php?rest_route=\/wp\/v2\/media\/3673"}],"wp:attachment":[{"href":"https:\/\/glauciamodaintimasje.com.br\/site\/index.php?rest_route=%2Fwp%2Fv2%2Fmedia&parent=3674"}],"wp:term":[{"taxonomy":"product_cat","embeddable":true,"href":"https:\/\/glauciamodaintimasje.com.br\/site\/index.php?rest_route=%2Fwp%2Fv2%2Fproduct_cat&post=3674"},{"taxonomy":"product_tag","embeddable":true,"href":"https:\/\/glauciamodaintimasje.com.br\/site\/index.php?rest_route=%2Fwp%2Fv2%2Fproduct_tag&post=3674"}],"curies":[{"name":"wp","href":"https:\/\/api.w.org\/{rel}","templated":true}]}}