{"id":3670,"date":"2025-02-21T16:55:52","date_gmt":"2025-02-21T19:55:52","guid":{"rendered":"https:\/\/glauciamodaintimasje.com.br\/site\/?post_type=product&#038;p=3670"},"modified":"2025-06-06T15:33:17","modified_gmt":"2025-06-06T18:33:17","slug":"sutia-amamentacao-duloren-tam-42-ref-121588-2","status":"publish","type":"product","link":"https:\/\/glauciamodaintimasje.com.br\/site\/?product=sutia-amamentacao-duloren-tam-42-ref-121588-2","title":{"rendered":"SUTI\u00c3 AMAMENTA\u00c7\u00c3O DULOREN TAM: 42 REF. 121588"},"content":{"rendered":"<p>CONFORTO E QUALIDADE<\/p>\n<p>TAM: 42<\/p>\n<p>COR: BEGE<\/p>\n<p>REF. 121588<\/p>\n","protected":false},"excerpt":{"rendered":"<p>CONFORTO E QUALIDADE TAM: 42 COR: BEGE REF. 121588<\/p>\n","protected":false},"featured_media":3663,"template":"","meta":[],"product_cat":[235],"product_tag":[],"class_list":{"0":"post-3670","1":"product","2":"type-product","3":"status-publish","4":"has-post-thumbnail","6":"product_cat-sutia-amamentacao","8":"first","9":"instock","10":"shipping-taxable","11":"purchasable","12":"product-type-simple"},"_links":{"self":[{"href":"https:\/\/glauciamodaintimasje.com.br\/site\/index.php?rest_route=\/wp\/v2\/product\/3670"}],"collection":[{"href":"https:\/\/glauciamodaintimasje.com.br\/site\/index.php?rest_route=\/wp\/v2\/product"}],"about":[{"href":"https:\/\/glauciamodaintimasje.com.br\/site\/index.php?rest_route=\/wp\/v2\/types\/product"}],"wp:featuredmedia":[{"embeddable":true,"href":"https:\/\/glauciamodaintimasje.com.br\/site\/index.php?rest_route=\/wp\/v2\/media\/3663"}],"wp:attachment":[{"href":"https:\/\/glauciamodaintimasje.com.br\/site\/index.php?rest_route=%2Fwp%2Fv2%2Fmedia&parent=3670"}],"wp:term":[{"taxonomy":"product_cat","embeddable":true,"href":"https:\/\/glauciamodaintimasje.com.br\/site\/index.php?rest_route=%2Fwp%2Fv2%2Fproduct_cat&post=3670"},{"taxonomy":"product_tag","embeddable":true,"href":"https:\/\/glauciamodaintimasje.com.br\/site\/index.php?rest_route=%2Fwp%2Fv2%2Fproduct_tag&post=3670"}],"curies":[{"name":"wp","href":"https:\/\/api.w.org\/{rel}","templated":true}]}}