{"id":2795,"date":"2025-02-12T16:36:31","date_gmt":"2025-02-12T19:36:31","guid":{"rendered":"https:\/\/glauciamodaintimasje.com.br\/site\/?post_type=product&#038;p=2795"},"modified":"2025-04-07T10:56:31","modified_gmt":"2025-04-07T13:56:31","slug":"sutia-ideal-alta-sustentacao-microf-liebe-tam-44c-ref-123008","status":"publish","type":"product","link":"https:\/\/glauciamodaintimasje.com.br\/site\/?product=sutia-ideal-alta-sustentacao-microf-liebe-tam-44c-ref-123008","title":{"rendered":"SUTI\u00c3 IDEAL ALTA SUSTENTA\u00c7\u00c3O MICROF LIEBE TAM: 44C REF: 123008"},"content":{"rendered":"<p>CONFORTO E QUALIDADE<\/p>\n<p>ALTA SUSTENTA\u00c7\u00c3O<\/p>\n<p>TAM: 44C<\/p>\n<p>COR: LADY<\/p>\n<p>REF: 123008<\/p>\n","protected":false},"excerpt":{"rendered":"<p>CONFORTO E QUALIDADE ALTA SUSTENTA\u00c7\u00c3O TAM: 44C COR: LADY REF: 123008<\/p>\n","protected":false},"featured_media":2796,"template":"","meta":[],"product_cat":[242],"product_tag":[],"class_list":{"0":"post-2795","1":"product","2":"type-product","3":"status-publish","4":"has-post-thumbnail","6":"product_cat-sutia-tacas","8":"first","9":"outofstock","10":"shipping-taxable","11":"purchasable","12":"product-type-simple"},"_links":{"self":[{"href":"https:\/\/glauciamodaintimasje.com.br\/site\/index.php?rest_route=\/wp\/v2\/product\/2795"}],"collection":[{"href":"https:\/\/glauciamodaintimasje.com.br\/site\/index.php?rest_route=\/wp\/v2\/product"}],"about":[{"href":"https:\/\/glauciamodaintimasje.com.br\/site\/index.php?rest_route=\/wp\/v2\/types\/product"}],"wp:featuredmedia":[{"embeddable":true,"href":"https:\/\/glauciamodaintimasje.com.br\/site\/index.php?rest_route=\/wp\/v2\/media\/2796"}],"wp:attachment":[{"href":"https:\/\/glauciamodaintimasje.com.br\/site\/index.php?rest_route=%2Fwp%2Fv2%2Fmedia&parent=2795"}],"wp:term":[{"taxonomy":"product_cat","embeddable":true,"href":"https:\/\/glauciamodaintimasje.com.br\/site\/index.php?rest_route=%2Fwp%2Fv2%2Fproduct_cat&post=2795"},{"taxonomy":"product_tag","embeddable":true,"href":"https:\/\/glauciamodaintimasje.com.br\/site\/index.php?rest_route=%2Fwp%2Fv2%2Fproduct_tag&post=2795"}],"curies":[{"name":"wp","href":"https:\/\/api.w.org\/{rel}","templated":true}]}}