{"id":2161,"date":"2025-02-06T11:34:13","date_gmt":"2025-02-06T14:34:13","guid":{"rendered":"https:\/\/glauciamodaintimasje.com.br\/site\/?post_type=product&#038;p=2161"},"modified":"2025-06-25T18:43:06","modified_gmt":"2025-06-25T21:43:06","slug":"cinta-modeladora-alta-compressao-liebe-tam-gg","status":"publish","type":"product","link":"https:\/\/glauciamodaintimasje.com.br\/site\/?product=cinta-modeladora-alta-compressao-liebe-tam-gg","title":{"rendered":"CINTA MODELADORA ALTA COMPRESS\u00c3O LIEBE TAM: GG REF. 406500"},"content":{"rendered":"<p>DIMINUI AT\u00c9 7 CM<\/p>\n<p>ALTA COMPRESS\u00c3O NO ABD\u00d4MEN, CINTURA E COSTAS<\/p>\n<p>TAM: GG<\/p>\n<p>COR: CHOCOLATE<\/p>\n","protected":false},"excerpt":{"rendered":"<p>DIMINUI AT\u00c9 7 CM ALTA COMPRESS\u00c3O NO ABD\u00d4MEN, CINTURA E COSTAS TAM: GG COR: CHOCOLATE<\/p>\n","protected":false},"featured_media":2162,"template":"","meta":[],"product_cat":[231],"product_tag":[],"class_list":{"0":"post-2161","1":"product","2":"type-product","3":"status-publish","4":"has-post-thumbnail","6":"product_cat-cinta","8":"first","9":"instock","10":"shipping-taxable","11":"purchasable","12":"product-type-simple"},"_links":{"self":[{"href":"https:\/\/glauciamodaintimasje.com.br\/site\/index.php?rest_route=\/wp\/v2\/product\/2161"}],"collection":[{"href":"https:\/\/glauciamodaintimasje.com.br\/site\/index.php?rest_route=\/wp\/v2\/product"}],"about":[{"href":"https:\/\/glauciamodaintimasje.com.br\/site\/index.php?rest_route=\/wp\/v2\/types\/product"}],"wp:featuredmedia":[{"embeddable":true,"href":"https:\/\/glauciamodaintimasje.com.br\/site\/index.php?rest_route=\/wp\/v2\/media\/2162"}],"wp:attachment":[{"href":"https:\/\/glauciamodaintimasje.com.br\/site\/index.php?rest_route=%2Fwp%2Fv2%2Fmedia&parent=2161"}],"wp:term":[{"taxonomy":"product_cat","embeddable":true,"href":"https:\/\/glauciamodaintimasje.com.br\/site\/index.php?rest_route=%2Fwp%2Fv2%2Fproduct_cat&post=2161"},{"taxonomy":"product_tag","embeddable":true,"href":"https:\/\/glauciamodaintimasje.com.br\/site\/index.php?rest_route=%2Fwp%2Fv2%2Fproduct_tag&post=2161"}],"curies":[{"name":"wp","href":"https:\/\/api.w.org\/{rel}","templated":true}]}}