{"id":2157,"date":"2025-02-06T11:19:33","date_gmt":"2025-02-06T14:19:33","guid":{"rendered":"https:\/\/glauciamodaintimasje.com.br\/site\/?post_type=product&#038;p=2157"},"modified":"2025-04-03T10:52:15","modified_gmt":"2025-04-03T13:52:15","slug":"cinta-modeladora-alta-compressao-liebe-tam-g","status":"publish","type":"product","link":"https:\/\/glauciamodaintimasje.com.br\/site\/?product=cinta-modeladora-alta-compressao-liebe-tam-g","title":{"rendered":"CINTA MODELADORA ALTA COMPRESS\u00c3O LIEBE TAM: G REF. 406500"},"content":{"rendered":"<p>DIMINUI AT\u00c9 7 CM<\/p>\n<p>8 BARBATANAS DE A\u00c7O QUE MODELAM, SUSTENTAM, E MELHORAM A POSTURA;<\/p>\n<p>ALTA COMPRESS\u00c3O NO ABD\u00d4MEN, CINTURA E COSTAS;<\/p>\n<p>FEITA EM MICROFIBRA DE ALTA COMPRESS\u00c3O COM TOQUE ACETINADO<\/p>\n<p>TAM: G<\/p>\n<p>COR: CHOCOLATE<\/p>\n","protected":false},"excerpt":{"rendered":"<p>DIMINUI AT\u00c9 7 CM 8 BARBATANAS DE A\u00c7O QUE MODELAM, SUSTENTAM, E MELHORAM A POSTURA; ALTA COMPRESS\u00c3O NO ABD\u00d4MEN, CINTURA E COSTAS; FEITA EM MICROFIBRA DE ALTA COMPRESS\u00c3O COM TOQUE ACETINADO TAM: G COR: CHOCOLATE<\/p>\n","protected":false},"featured_media":2158,"template":"","meta":[],"product_cat":[231],"product_tag":[],"class_list":{"0":"post-2157","1":"product","2":"type-product","3":"status-publish","4":"has-post-thumbnail","6":"product_cat-cinta","8":"first","9":"instock","10":"shipping-taxable","11":"purchasable","12":"product-type-simple"},"_links":{"self":[{"href":"https:\/\/glauciamodaintimasje.com.br\/site\/index.php?rest_route=\/wp\/v2\/product\/2157"}],"collection":[{"href":"https:\/\/glauciamodaintimasje.com.br\/site\/index.php?rest_route=\/wp\/v2\/product"}],"about":[{"href":"https:\/\/glauciamodaintimasje.com.br\/site\/index.php?rest_route=\/wp\/v2\/types\/product"}],"wp:featuredmedia":[{"embeddable":true,"href":"https:\/\/glauciamodaintimasje.com.br\/site\/index.php?rest_route=\/wp\/v2\/media\/2158"}],"wp:attachment":[{"href":"https:\/\/glauciamodaintimasje.com.br\/site\/index.php?rest_route=%2Fwp%2Fv2%2Fmedia&parent=2157"}],"wp:term":[{"taxonomy":"product_cat","embeddable":true,"href":"https:\/\/glauciamodaintimasje.com.br\/site\/index.php?rest_route=%2Fwp%2Fv2%2Fproduct_cat&post=2157"},{"taxonomy":"product_tag","embeddable":true,"href":"https:\/\/glauciamodaintimasje.com.br\/site\/index.php?rest_route=%2Fwp%2Fv2%2Fproduct_tag&post=2157"}],"curies":[{"name":"wp","href":"https:\/\/api.w.org\/{rel}","templated":true}]}}