{"id":2125,"date":"2025-02-05T17:47:36","date_gmt":"2025-02-05T20:47:36","guid":{"rendered":"https:\/\/glauciamodaintimasje.com.br\/site\/?post_type=product&#038;p=2125"},"modified":"2025-05-24T10:32:17","modified_gmt":"2025-05-24T13:32:17","slug":"meia-calca-s-ponteira-kendall-tam-gg","status":"publish","type":"product","link":"https:\/\/glauciamodaintimasje.com.br\/site\/?product=meia-calca-s-ponteira-kendall-tam-gg","title":{"rendered":"MEIA CAL\u00c7A M\u00c9DIA COMPRESS\u00c3O S\/ PONTEIRA KENDALL TAM: GG"},"content":{"rendered":"<p>CONFORTO E QUALIDADE<\/p>\n<p>EL\u00c1STICO APARENTE E FUNDELO DE ALGOD\u00c3O<\/p>\n<p>MODELAGEM COM MICROFIBRA<\/p>\n<p>SEM PONTEIRA<\/p>\n<p>COMPRESS\u00c3O 18-21 mmHg<\/p>\n<p>TAM: GG<\/p>\n<p>COR: MEL<\/p>\n","protected":false},"excerpt":{"rendered":"<p>CONFORTO E QUALIDADE EL\u00c1STICO APARENTE E FUNDELO DE ALGOD\u00c3O MODELAGEM COM MICROFIBRA SEM PONTEIRA COMPRESS\u00c3O 18-21 mmHg TAM: GG COR: MEL<\/p>\n","protected":false},"featured_media":2126,"template":"","meta":[],"product_cat":[308],"product_tag":[],"class_list":{"0":"post-2125","1":"product","2":"type-product","3":"status-publish","4":"has-post-thumbnail","6":"product_cat-meias-kendall","8":"first","9":"instock","10":"shipping-taxable","11":"purchasable","12":"product-type-simple"},"_links":{"self":[{"href":"https:\/\/glauciamodaintimasje.com.br\/site\/index.php?rest_route=\/wp\/v2\/product\/2125"}],"collection":[{"href":"https:\/\/glauciamodaintimasje.com.br\/site\/index.php?rest_route=\/wp\/v2\/product"}],"about":[{"href":"https:\/\/glauciamodaintimasje.com.br\/site\/index.php?rest_route=\/wp\/v2\/types\/product"}],"wp:featuredmedia":[{"embeddable":true,"href":"https:\/\/glauciamodaintimasje.com.br\/site\/index.php?rest_route=\/wp\/v2\/media\/2126"}],"wp:attachment":[{"href":"https:\/\/glauciamodaintimasje.com.br\/site\/index.php?rest_route=%2Fwp%2Fv2%2Fmedia&parent=2125"}],"wp:term":[{"taxonomy":"product_cat","embeddable":true,"href":"https:\/\/glauciamodaintimasje.com.br\/site\/index.php?rest_route=%2Fwp%2Fv2%2Fproduct_cat&post=2125"},{"taxonomy":"product_tag","embeddable":true,"href":"https:\/\/glauciamodaintimasje.com.br\/site\/index.php?rest_route=%2Fwp%2Fv2%2Fproduct_tag&post=2125"}],"curies":[{"name":"wp","href":"https:\/\/api.w.org\/{rel}","templated":true}]}}