{"id":2117,"date":"2025-02-05T17:21:18","date_gmt":"2025-02-05T20:21:18","guid":{"rendered":"https:\/\/glauciamodaintimasje.com.br\/site\/?post_type=product&#038;p=2117"},"modified":"2025-08-15T18:12:33","modified_gmt":"2025-08-15T21:12:33","slug":"meia-calca-sem-ponteira-kendall-tam-p","status":"publish","type":"product","link":"https:\/\/glauciamodaintimasje.com.br\/site\/?product=meia-calca-sem-ponteira-kendall-tam-p","title":{"rendered":"MEIA CAL\u00c7A SUAVE COMPRESS\u00c3O S\/ PONTEIRA KENDALL TAM: P"},"content":{"rendered":"<p>CONFORTO E QUALIDADE<\/p>\n<p>COMPRESS\u00c3O 13-17 mmHg<\/p>\n<p>EL\u00c1STICO APARENTE E FUNDELO DE ALGOD\u00c3O<\/p>\n<p>NOVA MODELAGEM C\/ MICROFIBRA<\/p>\n<p>SEM PONTEIRA<\/p>\n<p>TAM: P<\/p>\n<p>COR: MEL<\/p>\n","protected":false},"excerpt":{"rendered":"<p>CONFORTO E QUALIDADE COMPRESS\u00c3O 13-17 mmHg EL\u00c1STICO APARENTE E FUNDELO DE ALGOD\u00c3O NOVA MODELAGEM C\/ MICROFIBRA SEM PONTEIRA TAM: P COR: MEL<\/p>\n","protected":false},"featured_media":2118,"template":"","meta":[],"product_cat":[308],"product_tag":[],"class_list":{"0":"post-2117","1":"product","2":"type-product","3":"status-publish","4":"has-post-thumbnail","6":"product_cat-meias-kendall","8":"first","9":"instock","10":"shipping-taxable","11":"purchasable","12":"product-type-simple"},"_links":{"self":[{"href":"https:\/\/glauciamodaintimasje.com.br\/site\/index.php?rest_route=\/wp\/v2\/product\/2117"}],"collection":[{"href":"https:\/\/glauciamodaintimasje.com.br\/site\/index.php?rest_route=\/wp\/v2\/product"}],"about":[{"href":"https:\/\/glauciamodaintimasje.com.br\/site\/index.php?rest_route=\/wp\/v2\/types\/product"}],"wp:featuredmedia":[{"embeddable":true,"href":"https:\/\/glauciamodaintimasje.com.br\/site\/index.php?rest_route=\/wp\/v2\/media\/2118"}],"wp:attachment":[{"href":"https:\/\/glauciamodaintimasje.com.br\/site\/index.php?rest_route=%2Fwp%2Fv2%2Fmedia&parent=2117"}],"wp:term":[{"taxonomy":"product_cat","embeddable":true,"href":"https:\/\/glauciamodaintimasje.com.br\/site\/index.php?rest_route=%2Fwp%2Fv2%2Fproduct_cat&post=2117"},{"taxonomy":"product_tag","embeddable":true,"href":"https:\/\/glauciamodaintimasje.com.br\/site\/index.php?rest_route=%2Fwp%2Fv2%2Fproduct_tag&post=2117"}],"curies":[{"name":"wp","href":"https:\/\/api.w.org\/{rel}","templated":true}]}}