{"id":2095,"date":"2025-02-05T16:02:37","date_gmt":"2025-02-05T19:02:37","guid":{"rendered":"https:\/\/glauciamodaintimasje.com.br\/site\/?post_type=product&#038;p=2095"},"modified":"2025-05-24T11:15:46","modified_gmt":"2025-05-24T14:15:46","slug":"meia-media-compressao-18-21mmhg-kendall-tam-m","status":"publish","type":"product","link":"https:\/\/glauciamodaintimasje.com.br\/site\/?product=meia-media-compressao-18-21mmhg-kendall-tam-m","title":{"rendered":"MEIA 7\/8 M\u00c9DIA COMPRESS\u00c3O 18-21mmHg, KENDALL TAM: M"},"content":{"rendered":"<p>CONFORTO E QUALIDADE<\/p>\n<p>MEIA MASCULINA<\/p>\n<p>M\u00c9DIA COMPRESS\u00c3O 18-21 mmHg<\/p>\n<p>SILICONE<\/p>\n<p>MAIOR ADER\u00caNCIA<\/p>\n<p>TAM: M<\/p>\n<p>COR: BEGE<\/p>\n","protected":false},"excerpt":{"rendered":"<p>CONFORTO E QUALIDADE MEIA MASCULINA M\u00c9DIA COMPRESS\u00c3O 18-21 mmHg SILICONE MAIOR ADER\u00caNCIA TAM: M COR: BEGE<\/p>\n","protected":false},"featured_media":2096,"template":"","meta":[],"product_cat":[308],"product_tag":[],"class_list":{"0":"post-2095","1":"product","2":"type-product","3":"status-publish","4":"has-post-thumbnail","6":"product_cat-meias-kendall","8":"first","9":"instock","10":"shipping-taxable","11":"purchasable","12":"product-type-simple"},"_links":{"self":[{"href":"https:\/\/glauciamodaintimasje.com.br\/site\/index.php?rest_route=\/wp\/v2\/product\/2095"}],"collection":[{"href":"https:\/\/glauciamodaintimasje.com.br\/site\/index.php?rest_route=\/wp\/v2\/product"}],"about":[{"href":"https:\/\/glauciamodaintimasje.com.br\/site\/index.php?rest_route=\/wp\/v2\/types\/product"}],"wp:featuredmedia":[{"embeddable":true,"href":"https:\/\/glauciamodaintimasje.com.br\/site\/index.php?rest_route=\/wp\/v2\/media\/2096"}],"wp:attachment":[{"href":"https:\/\/glauciamodaintimasje.com.br\/site\/index.php?rest_route=%2Fwp%2Fv2%2Fmedia&parent=2095"}],"wp:term":[{"taxonomy":"product_cat","embeddable":true,"href":"https:\/\/glauciamodaintimasje.com.br\/site\/index.php?rest_route=%2Fwp%2Fv2%2Fproduct_cat&post=2095"},{"taxonomy":"product_tag","embeddable":true,"href":"https:\/\/glauciamodaintimasje.com.br\/site\/index.php?rest_route=%2Fwp%2Fv2%2Fproduct_tag&post=2095"}],"curies":[{"name":"wp","href":"https:\/\/api.w.org\/{rel}","templated":true}]}}