{"id":2093,"date":"2025-02-05T15:57:10","date_gmt":"2025-02-05T18:57:10","guid":{"rendered":"https:\/\/glauciamodaintimasje.com.br\/site\/?post_type=product&#038;p=2093"},"modified":"2025-05-21T08:34:56","modified_gmt":"2025-05-21T11:34:56","slug":"meia-media-compressao-18-21mmhg-kendall-tam-g","status":"publish","type":"product","link":"https:\/\/glauciamodaintimasje.com.br\/site\/?product=meia-media-compressao-18-21mmhg-kendall-tam-g","title":{"rendered":"MEIA M\u00c9DIA COMPRESS\u00c3O 18-21mmHg; KENDALL TAM: G"},"content":{"rendered":"<p>CONFORTO E QUALIDADE<\/p>\n<p>MEIA MASCULINA<\/p>\n<p>M\u00c9DIA COMPRESS\u00c3O 18-21 mmHg<\/p>\n<p>SILICONE<\/p>\n<p>MAIOR ADER\u00caNCIA<\/p>\n<p>TAM: G<\/p>\n<p>COR: BEGE<\/p>\n","protected":false},"excerpt":{"rendered":"<p>CONFORTO E QUALIDADE MEIA MASCULINA M\u00c9DIA COMPRESS\u00c3O 18-21 mmHg SILICONE MAIOR ADER\u00caNCIA TAM: G COR: BEGE<\/p>\n","protected":false},"featured_media":2094,"template":"","meta":[],"product_cat":[308],"product_tag":[],"class_list":{"0":"post-2093","1":"product","2":"type-product","3":"status-publish","4":"has-post-thumbnail","6":"product_cat-meias-kendall","8":"first","9":"instock","10":"shipping-taxable","11":"purchasable","12":"product-type-simple"},"_links":{"self":[{"href":"https:\/\/glauciamodaintimasje.com.br\/site\/index.php?rest_route=\/wp\/v2\/product\/2093"}],"collection":[{"href":"https:\/\/glauciamodaintimasje.com.br\/site\/index.php?rest_route=\/wp\/v2\/product"}],"about":[{"href":"https:\/\/glauciamodaintimasje.com.br\/site\/index.php?rest_route=\/wp\/v2\/types\/product"}],"wp:featuredmedia":[{"embeddable":true,"href":"https:\/\/glauciamodaintimasje.com.br\/site\/index.php?rest_route=\/wp\/v2\/media\/2094"}],"wp:attachment":[{"href":"https:\/\/glauciamodaintimasje.com.br\/site\/index.php?rest_route=%2Fwp%2Fv2%2Fmedia&parent=2093"}],"wp:term":[{"taxonomy":"product_cat","embeddable":true,"href":"https:\/\/glauciamodaintimasje.com.br\/site\/index.php?rest_route=%2Fwp%2Fv2%2Fproduct_cat&post=2093"},{"taxonomy":"product_tag","embeddable":true,"href":"https:\/\/glauciamodaintimasje.com.br\/site\/index.php?rest_route=%2Fwp%2Fv2%2Fproduct_tag&post=2093"}],"curies":[{"name":"wp","href":"https:\/\/api.w.org\/{rel}","templated":true}]}}