{"id":1747,"date":"2025-02-03T10:22:15","date_gmt":"2025-02-03T13:22:15","guid":{"rendered":"https:\/\/glauciamodaintimasje.com.br\/site\/?post_type=product&#038;p=1747"},"modified":"2025-05-10T08:45:19","modified_gmt":"2025-05-10T11:45:19","slug":"sunga-fio-texturizado-a-ar-lupo-tam-p","status":"publish","type":"product","link":"https:\/\/glauciamodaintimasje.com.br\/site\/?product=sunga-fio-texturizado-a-ar-lupo-tam-p","title":{"rendered":"SUNGA FIO TEXTURIZADO A AR LUPO, TAM: P ref. 00526-001"},"content":{"rendered":"<p>CONFORTO E QUALIDADE<\/p>\n<p>SEM COSTURA<\/p>\n<p>FIO TEXTURIZADO A AR, SENSA\u00c7\u00c3O DE ALGOD\u00c3O COM A TECNOLOGIA E RESIST\u00caCIA DO NYLON.<\/p>\n<p>TAM: P<\/p>\n<p>COR: MARROM<\/p>\n","protected":false},"excerpt":{"rendered":"<p>CONFORTO E QUALIDADE SEM COSTURA FIO TEXTURIZADO A AR, SENSA\u00c7\u00c3O DE ALGOD\u00c3O COM A TECNOLOGIA E RESIST\u00caCIA DO NYLON. TAM: P COR: MARROM<\/p>\n","protected":false},"featured_media":1748,"template":"","meta":[],"product_cat":[288],"product_tag":[],"class_list":{"0":"post-1747","1":"product","2":"type-product","3":"status-publish","4":"has-post-thumbnail","6":"product_cat-cueca-boxer","8":"first","9":"instock","10":"shipping-taxable","11":"purchasable","12":"product-type-simple"},"_links":{"self":[{"href":"https:\/\/glauciamodaintimasje.com.br\/site\/index.php?rest_route=\/wp\/v2\/product\/1747"}],"collection":[{"href":"https:\/\/glauciamodaintimasje.com.br\/site\/index.php?rest_route=\/wp\/v2\/product"}],"about":[{"href":"https:\/\/glauciamodaintimasje.com.br\/site\/index.php?rest_route=\/wp\/v2\/types\/product"}],"wp:featuredmedia":[{"embeddable":true,"href":"https:\/\/glauciamodaintimasje.com.br\/site\/index.php?rest_route=\/wp\/v2\/media\/1748"}],"wp:attachment":[{"href":"https:\/\/glauciamodaintimasje.com.br\/site\/index.php?rest_route=%2Fwp%2Fv2%2Fmedia&parent=1747"}],"wp:term":[{"taxonomy":"product_cat","embeddable":true,"href":"https:\/\/glauciamodaintimasje.com.br\/site\/index.php?rest_route=%2Fwp%2Fv2%2Fproduct_cat&post=1747"},{"taxonomy":"product_tag","embeddable":true,"href":"https:\/\/glauciamodaintimasje.com.br\/site\/index.php?rest_route=%2Fwp%2Fv2%2Fproduct_tag&post=1747"}],"curies":[{"name":"wp","href":"https:\/\/api.w.org\/{rel}","templated":true}]}}