{"id":1351,"date":"2024-08-15T14:35:25","date_gmt":"2024-08-15T17:35:25","guid":{"rendered":"https:\/\/glauciamodaintimasje.com.br\/site\/?post_type=product&#038;p=1351"},"modified":"2024-08-15T14:35:26","modified_gmt":"2024-08-15T17:35:26","slug":"body-com-renda-liebe-ref-606653","status":"publish","type":"product","link":"https:\/\/glauciamodaintimasje.com.br\/site\/?product=body-com-renda-liebe-ref-606653","title":{"rendered":"BODY COM RENDA LIEBE REF.606653"},"content":{"rendered":"<p>CONFORT\u00c1VEL<\/p>\n<p>\u00d3TIMA DURABILIDADE<\/p>\n<p>91% POLIAMIDA<\/p>\n<p>9% ELASTANO<\/p>\n<p>FORRO 100% ALGOD\u00c3O<\/p>\n<p>Tam. M<\/p>\n<p>BRANCO<\/p>\n","protected":false},"excerpt":{"rendered":"<p>CONFORT\u00c1VEL \u00d3TIMA DURABILIDADE 91% POLIAMIDA 9% ELASTANO FORRO 100% ALGOD\u00c3O Tam. M BRANCO<\/p>\n","protected":false},"featured_media":1352,"template":"","meta":[],"product_cat":[158],"product_tag":[159,107,43,224,42,223],"class_list":{"0":"post-1351","1":"product","2":"type-product","3":"status-publish","4":"has-post-thumbnail","6":"product_cat-body","7":"product_tag-body","8":"product_tag-branco","9":"product_tag-confortavel","10":"product_tag-liebe","11":"product_tag-rendado","12":"product_tag-tela","14":"first","15":"instock","16":"sale","17":"shipping-taxable","18":"purchasable","19":"product-type-simple"},"_links":{"self":[{"href":"https:\/\/glauciamodaintimasje.com.br\/site\/index.php?rest_route=\/wp\/v2\/product\/1351"}],"collection":[{"href":"https:\/\/glauciamodaintimasje.com.br\/site\/index.php?rest_route=\/wp\/v2\/product"}],"about":[{"href":"https:\/\/glauciamodaintimasje.com.br\/site\/index.php?rest_route=\/wp\/v2\/types\/product"}],"wp:featuredmedia":[{"embeddable":true,"href":"https:\/\/glauciamodaintimasje.com.br\/site\/index.php?rest_route=\/wp\/v2\/media\/1352"}],"wp:attachment":[{"href":"https:\/\/glauciamodaintimasje.com.br\/site\/index.php?rest_route=%2Fwp%2Fv2%2Fmedia&parent=1351"}],"wp:term":[{"taxonomy":"product_cat","embeddable":true,"href":"https:\/\/glauciamodaintimasje.com.br\/site\/index.php?rest_route=%2Fwp%2Fv2%2Fproduct_cat&post=1351"},{"taxonomy":"product_tag","embeddable":true,"href":"https:\/\/glauciamodaintimasje.com.br\/site\/index.php?rest_route=%2Fwp%2Fv2%2Fproduct_tag&post=1351"}],"curies":[{"name":"wp","href":"https:\/\/api.w.org\/{rel}","templated":true}]}}