{"id":1348,"date":"2024-08-15T11:57:03","date_gmt":"2024-08-15T14:57:03","guid":{"rendered":"https:\/\/glauciamodaintimasje.com.br\/site\/?post_type=product&#038;p=1348"},"modified":"2024-12-16T16:29:53","modified_gmt":"2024-12-16T19:29:53","slug":"camisao-rosas-turma-da-mel-ref-cm27021","status":"publish","type":"product","link":"https:\/\/glauciamodaintimasje.com.br\/site\/?product=camisao-rosas-turma-da-mel-ref-cm27021","title":{"rendered":"CAMIS\u00c3O ROSAS TURMA DA MEL REF.CM27021"},"content":{"rendered":"<p>CONFORT\u00c1VEL<\/p>\n<p>\u00d3TIMA DURABILIDADE<\/p>\n<p>100% ALGD\u00c3O<\/p>\n<p>Tam. P<\/p>\n<p>PRETO<\/p>\n","protected":false},"excerpt":{"rendered":"<p>CONFORT\u00c1VEL \u00d3TIMA DURABILIDADE 100% ALGD\u00c3O Tam. P PRETO<\/p>\n","protected":false},"featured_media":1349,"template":"","meta":[],"product_cat":[202],"product_tag":[130,122,221,43,59,222,215],"class_list":{"0":"post-1348","1":"product","2":"type-product","3":"status-publish","4":"has-post-thumbnail","6":"product_cat-camisola","7":"product_tag-100-algodao","8":"product_tag-camisao","9":"product_tag-camisola-c-manga","10":"product_tag-confortavel","11":"product_tag-preto","12":"product_tag-rosas","13":"product_tag-turma-da-mel","15":"first","16":"outofstock","17":"sale","18":"shipping-taxable","19":"purchasable","20":"product-type-simple"},"_links":{"self":[{"href":"https:\/\/glauciamodaintimasje.com.br\/site\/index.php?rest_route=\/wp\/v2\/product\/1348"}],"collection":[{"href":"https:\/\/glauciamodaintimasje.com.br\/site\/index.php?rest_route=\/wp\/v2\/product"}],"about":[{"href":"https:\/\/glauciamodaintimasje.com.br\/site\/index.php?rest_route=\/wp\/v2\/types\/product"}],"wp:featuredmedia":[{"embeddable":true,"href":"https:\/\/glauciamodaintimasje.com.br\/site\/index.php?rest_route=\/wp\/v2\/media\/1349"}],"wp:attachment":[{"href":"https:\/\/glauciamodaintimasje.com.br\/site\/index.php?rest_route=%2Fwp%2Fv2%2Fmedia&parent=1348"}],"wp:term":[{"taxonomy":"product_cat","embeddable":true,"href":"https:\/\/glauciamodaintimasje.com.br\/site\/index.php?rest_route=%2Fwp%2Fv2%2Fproduct_cat&post=1348"},{"taxonomy":"product_tag","embeddable":true,"href":"https:\/\/glauciamodaintimasje.com.br\/site\/index.php?rest_route=%2Fwp%2Fv2%2Fproduct_tag&post=1348"}],"curies":[{"name":"wp","href":"https:\/\/api.w.org\/{rel}","templated":true}]}}