{"id":1341,"date":"2024-08-15T11:40:09","date_gmt":"2024-08-15T14:40:09","guid":{"rendered":"https:\/\/glauciamodaintimasje.com.br\/site\/?post_type=product&#038;p=1341"},"modified":"2024-08-15T11:44:24","modified_gmt":"2024-08-15T14:44:24","slug":"camisola-liganete-maria-rosa-ref-2001","status":"publish","type":"product","link":"https:\/\/glauciamodaintimasje.com.br\/site\/?product=camisola-liganete-maria-rosa-ref-2001","title":{"rendered":"CAMISOLA LIGANETE MARIA ROSA REF.2001"},"content":{"rendered":"<p>CONFORT\u00c1VEL<\/p>\n<p>\u00d3TIMA DURABILIDADE<\/p>\n<p>100% POLIAMIDA<\/p>\n<p>DETALHES EM RENDA<\/p>\n<p>AL\u00c7A REGUL\u00c1VEL<\/p>\n<p>Tam. P<\/p>\n<p>VERDE<\/p>\n<p>&nbsp;<\/p>\n","protected":false},"excerpt":{"rendered":"<p>CONFORT\u00c1VEL \u00d3TIMA DURABILIDADE 100% POLIAMIDA DETALHES EM RENDA AL\u00c7A REGUL\u00c1VEL Tam. P VERDE &nbsp;<\/p>\n","protected":false},"featured_media":1342,"template":"","meta":[],"product_cat":[202],"product_tag":[54,203,43,40,39,73,201,200],"class_list":{"0":"post-1341","1":"product","2":"type-product","3":"status-publish","4":"has-post-thumbnail","6":"product_cat-camisola","7":"product_tag-alca-regulavel","8":"product_tag-camisola","9":"product_tag-confortavel","10":"product_tag-liganete","11":"product_tag-maria-rosa","12":"product_tag-rendada","13":"product_tag-verde-lima","14":"product_tag-verde-limao","16":"first","17":"instock","18":"sale","19":"shipping-taxable","20":"purchasable","21":"product-type-simple"},"_links":{"self":[{"href":"https:\/\/glauciamodaintimasje.com.br\/site\/index.php?rest_route=\/wp\/v2\/product\/1341"}],"collection":[{"href":"https:\/\/glauciamodaintimasje.com.br\/site\/index.php?rest_route=\/wp\/v2\/product"}],"about":[{"href":"https:\/\/glauciamodaintimasje.com.br\/site\/index.php?rest_route=\/wp\/v2\/types\/product"}],"wp:featuredmedia":[{"embeddable":true,"href":"https:\/\/glauciamodaintimasje.com.br\/site\/index.php?rest_route=\/wp\/v2\/media\/1342"}],"wp:attachment":[{"href":"https:\/\/glauciamodaintimasje.com.br\/site\/index.php?rest_route=%2Fwp%2Fv2%2Fmedia&parent=1341"}],"wp:term":[{"taxonomy":"product_cat","embeddable":true,"href":"https:\/\/glauciamodaintimasje.com.br\/site\/index.php?rest_route=%2Fwp%2Fv2%2Fproduct_cat&post=1341"},{"taxonomy":"product_tag","embeddable":true,"href":"https:\/\/glauciamodaintimasje.com.br\/site\/index.php?rest_route=%2Fwp%2Fv2%2Fproduct_tag&post=1341"}],"curies":[{"name":"wp","href":"https:\/\/api.w.org\/{rel}","templated":true}]}}