{"id":1321,"date":"2024-08-14T16:40:04","date_gmt":"2024-08-14T19:40:04","guid":{"rendered":"https:\/\/glauciamodaintimasje.com.br\/site\/?post_type=product&#038;p=1321"},"modified":"2024-08-14T16:40:04","modified_gmt":"2024-08-14T19:40:04","slug":"camisola-regata-lua-encantada-ref-190059","status":"publish","type":"product","link":"https:\/\/glauciamodaintimasje.com.br\/site\/?product=camisola-regata-lua-encantada-ref-190059","title":{"rendered":"CAMISOLA REGATA LUA ENCANTADA REF.190059"},"content":{"rendered":"<p>CONFORT\u00c1VEL<\/p>\n<p>\u00d3TIMA DURABILIDADE<\/p>\n<p>100% ALGOD\u00c3O<\/p>\n<p>REGATA<\/p>\n<p>AZUL MARINHO<\/p>\n<p>Tam. P<\/p>\n","protected":false},"excerpt":{"rendered":"<p>CONFORT\u00c1VEL \u00d3TIMA DURABILIDADE 100% ALGOD\u00c3O REGATA AZUL MARINHO Tam. P<\/p>\n","protected":false},"featured_media":1322,"template":"","meta":[],"product_cat":[202],"product_tag":[130,144,203,43,214,204,178],"class_list":{"0":"post-1321","1":"product","2":"type-product","3":"status-publish","4":"has-post-thumbnail","6":"product_cat-camisola","7":"product_tag-100-algodao","8":"product_tag-azul-marinho","9":"product_tag-camisola","10":"product_tag-confortavel","11":"product_tag-girafa","12":"product_tag-lua-encantada","13":"product_tag-regata","15":"first","16":"instock","17":"sale","18":"shipping-taxable","19":"purchasable","20":"product-type-simple"},"_links":{"self":[{"href":"https:\/\/glauciamodaintimasje.com.br\/site\/index.php?rest_route=\/wp\/v2\/product\/1321"}],"collection":[{"href":"https:\/\/glauciamodaintimasje.com.br\/site\/index.php?rest_route=\/wp\/v2\/product"}],"about":[{"href":"https:\/\/glauciamodaintimasje.com.br\/site\/index.php?rest_route=\/wp\/v2\/types\/product"}],"wp:featuredmedia":[{"embeddable":true,"href":"https:\/\/glauciamodaintimasje.com.br\/site\/index.php?rest_route=\/wp\/v2\/media\/1322"}],"wp:attachment":[{"href":"https:\/\/glauciamodaintimasje.com.br\/site\/index.php?rest_route=%2Fwp%2Fv2%2Fmedia&parent=1321"}],"wp:term":[{"taxonomy":"product_cat","embeddable":true,"href":"https:\/\/glauciamodaintimasje.com.br\/site\/index.php?rest_route=%2Fwp%2Fv2%2Fproduct_cat&post=1321"},{"taxonomy":"product_tag","embeddable":true,"href":"https:\/\/glauciamodaintimasje.com.br\/site\/index.php?rest_route=%2Fwp%2Fv2%2Fproduct_tag&post=1321"}],"curies":[{"name":"wp","href":"https:\/\/api.w.org\/{rel}","templated":true}]}}