{"id":1303,"date":"2024-08-13T17:35:19","date_gmt":"2024-08-13T20:35:19","guid":{"rendered":"https:\/\/glauciamodaintimasje.com.br\/site\/?post_type=product&#038;p=1303"},"modified":"2024-08-14T11:56:12","modified_gmt":"2024-08-14T14:56:12","slug":"camisola-alca-drapeada-uni-ref-400612597","status":"publish","type":"product","link":"https:\/\/glauciamodaintimasje.com.br\/site\/?product=camisola-alca-drapeada-uni-ref-400612597","title":{"rendered":"CAMISOLA AL\u00c7A DRAPEADA UNI REF.400612597"},"content":{"rendered":"<p>CONFORT\u00c1VEL<\/p>\n<p>\u00d3TIMA DURABILIDADE<\/p>\n<p>100% MODAL<\/p>\n<p>AL\u00c7A REGUL\u00c1VEL<\/p>\n<p>Tam. P<\/p>\n<p>VERDE CLARO<\/p>\n<p>&nbsp;<\/p>\n","protected":false},"excerpt":{"rendered":"<p>CONFORT\u00c1VEL \u00d3TIMA DURABILIDADE 100% MODAL AL\u00c7A REGUL\u00c1VEL Tam. P VERDE CLARO &nbsp;<\/p>\n","protected":false},"featured_media":1304,"template":"","meta":[],"product_cat":[202],"product_tag":[208,54,203,43,207,61,209],"class_list":{"0":"post-1303","1":"product","2":"type-product","3":"status-publish","4":"has-post-thumbnail","6":"product_cat-camisola","7":"product_tag-100-modal","8":"product_tag-alca-regulavel","9":"product_tag-camisola","10":"product_tag-confortavel","11":"product_tag-drapeada","12":"product_tag-uni","13":"product_tag-verde-claro","15":"first","16":"instock","17":"sale","18":"shipping-taxable","19":"purchasable","20":"product-type-simple"},"_links":{"self":[{"href":"https:\/\/glauciamodaintimasje.com.br\/site\/index.php?rest_route=\/wp\/v2\/product\/1303"}],"collection":[{"href":"https:\/\/glauciamodaintimasje.com.br\/site\/index.php?rest_route=\/wp\/v2\/product"}],"about":[{"href":"https:\/\/glauciamodaintimasje.com.br\/site\/index.php?rest_route=\/wp\/v2\/types\/product"}],"wp:featuredmedia":[{"embeddable":true,"href":"https:\/\/glauciamodaintimasje.com.br\/site\/index.php?rest_route=\/wp\/v2\/media\/1304"}],"wp:attachment":[{"href":"https:\/\/glauciamodaintimasje.com.br\/site\/index.php?rest_route=%2Fwp%2Fv2%2Fmedia&parent=1303"}],"wp:term":[{"taxonomy":"product_cat","embeddable":true,"href":"https:\/\/glauciamodaintimasje.com.br\/site\/index.php?rest_route=%2Fwp%2Fv2%2Fproduct_cat&post=1303"},{"taxonomy":"product_tag","embeddable":true,"href":"https:\/\/glauciamodaintimasje.com.br\/site\/index.php?rest_route=%2Fwp%2Fv2%2Fproduct_tag&post=1303"}],"curies":[{"name":"wp","href":"https:\/\/api.w.org\/{rel}","templated":true}]}}