{"id":1286,"date":"2024-08-13T14:29:05","date_gmt":"2024-08-13T17:29:05","guid":{"rendered":"https:\/\/glauciamodaintimasje.com.br\/site\/?post_type=product&#038;p=1286"},"modified":"2024-08-13T14:29:06","modified_gmt":"2024-08-13T17:29:06","slug":"short-dool-liganete-maria-rosa-ref-2002","status":"publish","type":"product","link":"https:\/\/glauciamodaintimasje.com.br\/site\/?product=short-dool-liganete-maria-rosa-ref-2002","title":{"rendered":"SHORT DOOL LIGANETE MARIA ROSA REF.2002"},"content":{"rendered":"<p>CONFORT\u00c1VEL<\/p>\n<p>\u00d3TIMA DURABILIDADE<\/p>\n<p>100% POLIAMIDA<\/p>\n<p>MALHA FRIA<\/p>\n<p>AL\u00c7A REGUL\u00c1VEL<\/p>\n<p>Tam. PP<\/p>\n<p>&nbsp;<\/p>\n","protected":false},"excerpt":{"rendered":"<p>CONFORT\u00c1VEL \u00d3TIMA DURABILIDADE 100% POLIAMIDA MALHA FRIA AL\u00c7A REGUL\u00c1VEL Tam. PP &nbsp;<\/p>\n","protected":false},"featured_media":1287,"template":"","meta":[],"product_cat":[36],"product_tag":[199,38,40,44,39,45,201,200],"class_list":{"0":"post-1286","1":"product","2":"type-product","3":"status-publish","4":"has-post-thumbnail","6":"product_cat-baby-dool","7":"product_tag-100-poliamida","8":"product_tag-baby-dool","9":"product_tag-liganete","10":"product_tag-malha-fria","11":"product_tag-maria-rosa","12":"product_tag-short-dool","13":"product_tag-verde-lima","14":"product_tag-verde-limao","16":"first","17":"instock","18":"sale","19":"shipping-taxable","20":"purchasable","21":"product-type-simple"},"_links":{"self":[{"href":"https:\/\/glauciamodaintimasje.com.br\/site\/index.php?rest_route=\/wp\/v2\/product\/1286"}],"collection":[{"href":"https:\/\/glauciamodaintimasje.com.br\/site\/index.php?rest_route=\/wp\/v2\/product"}],"about":[{"href":"https:\/\/glauciamodaintimasje.com.br\/site\/index.php?rest_route=\/wp\/v2\/types\/product"}],"wp:featuredmedia":[{"embeddable":true,"href":"https:\/\/glauciamodaintimasje.com.br\/site\/index.php?rest_route=\/wp\/v2\/media\/1287"}],"wp:attachment":[{"href":"https:\/\/glauciamodaintimasje.com.br\/site\/index.php?rest_route=%2Fwp%2Fv2%2Fmedia&parent=1286"}],"wp:term":[{"taxonomy":"product_cat","embeddable":true,"href":"https:\/\/glauciamodaintimasje.com.br\/site\/index.php?rest_route=%2Fwp%2Fv2%2Fproduct_cat&post=1286"},{"taxonomy":"product_tag","embeddable":true,"href":"https:\/\/glauciamodaintimasje.com.br\/site\/index.php?rest_route=%2Fwp%2Fv2%2Fproduct_tag&post=1286"}],"curies":[{"name":"wp","href":"https:\/\/api.w.org\/{rel}","templated":true}]}}