{"id":1253,"date":"2024-08-08T17:45:22","date_gmt":"2024-08-08T20:45:22","guid":{"rendered":"https:\/\/glauciamodaintimasje.com.br\/site\/?post_type=product&#038;p=1253"},"modified":"2025-05-23T11:34:08","modified_gmt":"2025-05-23T14:34:08","slug":"short-dool-excelencia-ref-4000036-2","status":"publish","type":"product","link":"https:\/\/glauciamodaintimasje.com.br\/site\/?product=short-dool-excelencia-ref-4000036-2","title":{"rendered":"SHORT DOOL EXCEL\u00caNCIA REF. 4000036"},"content":{"rendered":"<p>CONFORT\u00c1VEL<\/p>\n<p>\u00d3TIMA DURABILIDADE<\/p>\n<p>67% POLIESTER<\/p>\n<p>33% VISCOSE<\/p>\n<p>AL\u00c7A REGUL\u00c1VEL<\/p>\n<p>Tam. P<\/p>\n<p>BRANCO<\/p>\n","protected":false},"excerpt":{"rendered":"<p>CONFORT\u00c1VEL \u00d3TIMA DURABILIDADE 67% POLIESTER 33% VISCOSE AL\u00c7A REGUL\u00c1VEL Tam. P BRANCO<\/p>\n","protected":false},"featured_media":1254,"template":"","meta":[],"product_cat":[258],"product_tag":[48,38,107,43,179,45],"class_list":{"0":"post-1253","1":"product","2":"type-product","3":"status-publish","4":"has-post-thumbnail","6":"product_cat-short-doll-alca","7":"product_tag-alca","8":"product_tag-baby-dool","9":"product_tag-branco","10":"product_tag-confortavel","11":"product_tag-excelencia","12":"product_tag-short-dool","14":"first","15":"instock","16":"shipping-taxable","17":"purchasable","18":"product-type-simple"},"_links":{"self":[{"href":"https:\/\/glauciamodaintimasje.com.br\/site\/index.php?rest_route=\/wp\/v2\/product\/1253"}],"collection":[{"href":"https:\/\/glauciamodaintimasje.com.br\/site\/index.php?rest_route=\/wp\/v2\/product"}],"about":[{"href":"https:\/\/glauciamodaintimasje.com.br\/site\/index.php?rest_route=\/wp\/v2\/types\/product"}],"wp:featuredmedia":[{"embeddable":true,"href":"https:\/\/glauciamodaintimasje.com.br\/site\/index.php?rest_route=\/wp\/v2\/media\/1254"}],"wp:attachment":[{"href":"https:\/\/glauciamodaintimasje.com.br\/site\/index.php?rest_route=%2Fwp%2Fv2%2Fmedia&parent=1253"}],"wp:term":[{"taxonomy":"product_cat","embeddable":true,"href":"https:\/\/glauciamodaintimasje.com.br\/site\/index.php?rest_route=%2Fwp%2Fv2%2Fproduct_cat&post=1253"},{"taxonomy":"product_tag","embeddable":true,"href":"https:\/\/glauciamodaintimasje.com.br\/site\/index.php?rest_route=%2Fwp%2Fv2%2Fproduct_tag&post=1253"}],"curies":[{"name":"wp","href":"https:\/\/api.w.org\/{rel}","templated":true}]}}