{"id":1229,"date":"2024-08-08T17:14:59","date_gmt":"2024-08-08T20:14:59","guid":{"rendered":"https:\/\/glauciamodaintimasje.com.br\/site\/?post_type=product&#038;p=1229"},"modified":"2025-09-02T16:22:40","modified_gmt":"2025-09-02T19:22:40","slug":"pijama-pescador-femin-inf-iama","status":"publish","type":"product","link":"https:\/\/glauciamodaintimasje.com.br\/site\/?product=pijama-pescador-femin-inf-iama","title":{"rendered":"PIJAMA PESCADOR FEMIN. INF. IAMA REF. 811."},"content":{"rendered":"<p>CONFORT\u00c1VEL<\/p>\n<p>\u00d3TIMA DURABILIDADE<\/p>\n<p>67% POLIESTER<\/p>\n<p>33% VISCOSE<\/p>\n<p>Tam. M (6 anos)<\/p>\n<p>AZUL BEB\u00ca C\/ ESTAMPA<\/p>\n","protected":false},"excerpt":{"rendered":"<p>CONFORT\u00c1VEL \u00d3TIMA DURABILIDADE 67% POLIESTER 33% VISCOSE Tam. M (6 anos) AZUL BEB\u00ca C\/ ESTAMPA<\/p>\n","protected":false},"featured_media":1230,"template":"","meta":[],"product_cat":[254],"product_tag":[62,38,43,177,174,175,176,45],"class_list":{"0":"post-1229","1":"product","2":"type-product","3":"status-publish","4":"has-post-thumbnail","6":"product_cat-pijama-inf-femin-6-a-8","7":"product_tag-azul","8":"product_tag-baby-dool","9":"product_tag-confortavel","10":"product_tag-estampa","11":"product_tag-iama","12":"product_tag-pescador","13":"product_tag-short-comprido","14":"product_tag-short-dool","16":"first","17":"instock","18":"shipping-taxable","19":"purchasable","20":"product-type-simple"},"_links":{"self":[{"href":"https:\/\/glauciamodaintimasje.com.br\/site\/index.php?rest_route=\/wp\/v2\/product\/1229"}],"collection":[{"href":"https:\/\/glauciamodaintimasje.com.br\/site\/index.php?rest_route=\/wp\/v2\/product"}],"about":[{"href":"https:\/\/glauciamodaintimasje.com.br\/site\/index.php?rest_route=\/wp\/v2\/types\/product"}],"wp:featuredmedia":[{"embeddable":true,"href":"https:\/\/glauciamodaintimasje.com.br\/site\/index.php?rest_route=\/wp\/v2\/media\/1230"}],"wp:attachment":[{"href":"https:\/\/glauciamodaintimasje.com.br\/site\/index.php?rest_route=%2Fwp%2Fv2%2Fmedia&parent=1229"}],"wp:term":[{"taxonomy":"product_cat","embeddable":true,"href":"https:\/\/glauciamodaintimasje.com.br\/site\/index.php?rest_route=%2Fwp%2Fv2%2Fproduct_cat&post=1229"},{"taxonomy":"product_tag","embeddable":true,"href":"https:\/\/glauciamodaintimasje.com.br\/site\/index.php?rest_route=%2Fwp%2Fv2%2Fproduct_tag&post=1229"}],"curies":[{"name":"wp","href":"https:\/\/api.w.org\/{rel}","templated":true}]}}