{"id":1203,"date":"2024-08-08T16:28:05","date_gmt":"2024-08-08T19:28:05","guid":{"rendered":"https:\/\/glauciamodaintimasje.com.br\/site\/?post_type=product&#038;p=1203"},"modified":"2024-12-16T16:34:38","modified_gmt":"2024-12-16T19:34:38","slug":"body-canelado-sem-costura-loba","status":"publish","type":"product","link":"https:\/\/glauciamodaintimasje.com.br\/site\/?product=body-canelado-sem-costura-loba","title":{"rendered":"BODY CANELADO SEM COSTURA LOBA"},"content":{"rendered":"<p>CONFORT\u00c1VEL<\/p>\n<p>\u00d3TIMA DURABILIDADE<\/p>\n<p>93% POLIMIDA<\/p>\n<p>5% ELASTANO<\/p>\n<p>2% ALGOD\u00c3O<\/p>\n<p>Tam. G<\/p>\n<p>VERDE CH\u00c1<\/p>\n","protected":false},"excerpt":{"rendered":"<p>CONFORT\u00c1VEL \u00d3TIMA DURABILIDADE 93% POLIMIDA 5% ELASTANO 2% ALGOD\u00c3O Tam. G VERDE CH\u00c1<\/p>\n","protected":false},"featured_media":1204,"template":"","meta":[],"product_cat":[158],"product_tag":[160,159,165,43,57,82,167,110,166],"class_list":{"0":"post-1203","1":"product","2":"type-product","3":"status-publish","4":"has-post-thumbnail","6":"product_cat-body","7":"product_tag-basico","8":"product_tag-body","9":"product_tag-canelado","10":"product_tag-confortavel","11":"product_tag-loba","12":"product_tag-sem-costura","13":"product_tag-verde-cha","14":"product_tag-verde-escuro","15":"product_tag-verde-lodo","17":"first","18":"outofstock","19":"sale","20":"shipping-taxable","21":"purchasable","22":"product-type-simple"},"_links":{"self":[{"href":"https:\/\/glauciamodaintimasje.com.br\/site\/index.php?rest_route=\/wp\/v2\/product\/1203"}],"collection":[{"href":"https:\/\/glauciamodaintimasje.com.br\/site\/index.php?rest_route=\/wp\/v2\/product"}],"about":[{"href":"https:\/\/glauciamodaintimasje.com.br\/site\/index.php?rest_route=\/wp\/v2\/types\/product"}],"wp:featuredmedia":[{"embeddable":true,"href":"https:\/\/glauciamodaintimasje.com.br\/site\/index.php?rest_route=\/wp\/v2\/media\/1204"}],"wp:attachment":[{"href":"https:\/\/glauciamodaintimasje.com.br\/site\/index.php?rest_route=%2Fwp%2Fv2%2Fmedia&parent=1203"}],"wp:term":[{"taxonomy":"product_cat","embeddable":true,"href":"https:\/\/glauciamodaintimasje.com.br\/site\/index.php?rest_route=%2Fwp%2Fv2%2Fproduct_cat&post=1203"},{"taxonomy":"product_tag","embeddable":true,"href":"https:\/\/glauciamodaintimasje.com.br\/site\/index.php?rest_route=%2Fwp%2Fv2%2Fproduct_tag&post=1203"}],"curies":[{"name":"wp","href":"https:\/\/api.w.org\/{rel}","templated":true}]}}