{"id":1199,"date":"2024-08-08T16:24:49","date_gmt":"2024-08-08T19:24:49","guid":{"rendered":"https:\/\/glauciamodaintimasje.com.br\/site\/?post_type=product&#038;p=1199"},"modified":"2024-08-15T10:29:26","modified_gmt":"2024-08-15T13:29:26","slug":"blusa-canelada-sem-costura-loba","status":"publish","type":"product","link":"https:\/\/glauciamodaintimasje.com.br\/site\/?product=blusa-canelada-sem-costura-loba","title":{"rendered":"BLUSA CANELADA SEM COSTURA LOBA"},"content":{"rendered":"<p>CONFORT\u00c1VEL<\/p>\n<p>\u00d3TIMA DURABILIDADE<\/p>\n<p>94% POLIAMIDA<\/p>\n<p>6% ELASTANO<\/p>\n<p>Tam. M<\/p>\n<p>COR CER\u00c2MICA<\/p>\n<p>&nbsp;<\/p>\n","protected":false},"excerpt":{"rendered":"<p>CONFORT\u00c1VEL \u00d3TIMA DURABILIDADE 94% POLIAMIDA 6% ELASTANO Tam. M COR CER\u00c2MICA &nbsp;<\/p>\n","protected":false},"featured_media":1200,"template":"","meta":[],"product_cat":[29],"product_tag":[48,163,161,162,43,164,57,82],"class_list":{"0":"post-1199","1":"product","2":"type-product","3":"status-publish","4":"has-post-thumbnail","6":"product_cat-blusa","7":"product_tag-alca","8":"product_tag-basica","9":"product_tag-blusa","10":"product_tag-canelada","11":"product_tag-confortavel","12":"product_tag-cor-terra","13":"product_tag-loba","14":"product_tag-sem-costura","16":"first","17":"outofstock","18":"sale","19":"shipping-taxable","20":"purchasable","21":"product-type-simple"},"_links":{"self":[{"href":"https:\/\/glauciamodaintimasje.com.br\/site\/index.php?rest_route=\/wp\/v2\/product\/1199"}],"collection":[{"href":"https:\/\/glauciamodaintimasje.com.br\/site\/index.php?rest_route=\/wp\/v2\/product"}],"about":[{"href":"https:\/\/glauciamodaintimasje.com.br\/site\/index.php?rest_route=\/wp\/v2\/types\/product"}],"wp:featuredmedia":[{"embeddable":true,"href":"https:\/\/glauciamodaintimasje.com.br\/site\/index.php?rest_route=\/wp\/v2\/media\/1200"}],"wp:attachment":[{"href":"https:\/\/glauciamodaintimasje.com.br\/site\/index.php?rest_route=%2Fwp%2Fv2%2Fmedia&parent=1199"}],"wp:term":[{"taxonomy":"product_cat","embeddable":true,"href":"https:\/\/glauciamodaintimasje.com.br\/site\/index.php?rest_route=%2Fwp%2Fv2%2Fproduct_cat&post=1199"},{"taxonomy":"product_tag","embeddable":true,"href":"https:\/\/glauciamodaintimasje.com.br\/site\/index.php?rest_route=%2Fwp%2Fv2%2Fproduct_tag&post=1199"}],"curies":[{"name":"wp","href":"https:\/\/api.w.org\/{rel}","templated":true}]}}