{"id":1180,"date":"2024-08-07T15:01:07","date_gmt":"2024-08-07T18:01:07","guid":{"rendered":"https:\/\/glauciamodaintimasje.com.br\/site\/?post_type=product&#038;p=1180"},"modified":"2025-06-07T11:13:41","modified_gmt":"2025-06-07T14:13:41","slug":"samba-cancao-gell-ref-115585","status":"publish","type":"product","link":"https:\/\/glauciamodaintimasje.com.br\/site\/?product=samba-cancao-gell-ref-115585","title":{"rendered":"SAMBA CAN\u00c7\u00c3O GELL REF.115585"},"content":{"rendered":"<p>CONFORT\u00c1VEL<\/p>\n<p>\u00d3TIMA DURABILIDADE<\/p>\n<p>100% ALGOD\u00c3O<\/p>\n<p>Tam. P<\/p>\n<p>Marrom<\/p>\n","protected":false},"excerpt":{"rendered":"<p>CONFORT\u00c1VEL \u00d3TIMA DURABILIDADE 100% ALGOD\u00c3O Tam. P Marrom<\/p>\n","protected":false},"featured_media":1181,"template":"","meta":[],"product_cat":[151],"product_tag":[130,43,139,149,152,153],"class_list":{"0":"post-1180","1":"product","2":"type-product","3":"status-publish","4":"has-post-thumbnail","6":"product_cat-samba-cancao","7":"product_tag-100-algodao","8":"product_tag-confortavel","9":"product_tag-gell","10":"product_tag-marrom","11":"product_tag-samba-cancao","12":"product_tag-short-para-dormir","14":"first","15":"instock","16":"sale","17":"shipping-taxable","18":"purchasable","19":"product-type-simple"},"_links":{"self":[{"href":"https:\/\/glauciamodaintimasje.com.br\/site\/index.php?rest_route=\/wp\/v2\/product\/1180"}],"collection":[{"href":"https:\/\/glauciamodaintimasje.com.br\/site\/index.php?rest_route=\/wp\/v2\/product"}],"about":[{"href":"https:\/\/glauciamodaintimasje.com.br\/site\/index.php?rest_route=\/wp\/v2\/types\/product"}],"wp:featuredmedia":[{"embeddable":true,"href":"https:\/\/glauciamodaintimasje.com.br\/site\/index.php?rest_route=\/wp\/v2\/media\/1181"}],"wp:attachment":[{"href":"https:\/\/glauciamodaintimasje.com.br\/site\/index.php?rest_route=%2Fwp%2Fv2%2Fmedia&parent=1180"}],"wp:term":[{"taxonomy":"product_cat","embeddable":true,"href":"https:\/\/glauciamodaintimasje.com.br\/site\/index.php?rest_route=%2Fwp%2Fv2%2Fproduct_cat&post=1180"},{"taxonomy":"product_tag","embeddable":true,"href":"https:\/\/glauciamodaintimasje.com.br\/site\/index.php?rest_route=%2Fwp%2Fv2%2Fproduct_tag&post=1180"}],"curies":[{"name":"wp","href":"https:\/\/api.w.org\/{rel}","templated":true}]}}