{"id":1175,"date":"2024-08-07T14:52:15","date_gmt":"2024-08-07T17:52:15","guid":{"rendered":"https:\/\/glauciamodaintimasje.com.br\/site\/?post_type=product&#038;p=1175"},"modified":"2025-08-07T14:04:50","modified_gmt":"2025-08-07T17:04:50","slug":"samba-cancao-duomo-ref-299","status":"publish","type":"product","link":"https:\/\/glauciamodaintimasje.com.br\/site\/?product=samba-cancao-duomo-ref-299","title":{"rendered":"SAMBA CAN\u00c7\u00c3O D&#8217;UOMO REF.299"},"content":{"rendered":"<p>CONFORT\u00c1VEL<\/p>\n<p>\u00d3TIMA DURABILIDADE<\/p>\n<p>33% ALGOD\u00c3O<\/p>\n<p>32% POLI\u00c9STER<\/p>\n<p>29% VISCOSE<\/p>\n<p>06% ELASTANO<\/p>\n<p>Tam. M<\/p>\n","protected":false},"excerpt":{"rendered":"<p>CONFORT\u00c1VEL \u00d3TIMA DURABILIDADE 33% ALGOD\u00c3O 32% POLI\u00c9STER 29% VISCOSE 06% ELASTANO Tam. M<\/p>\n","protected":false},"featured_media":1176,"template":"","meta":[],"product_cat":[151],"product_tag":[43,137,47,152,153],"class_list":{"0":"post-1175","1":"product","2":"type-product","3":"status-publish","4":"has-post-thumbnail","6":"product_cat-samba-cancao","7":"product_tag-confortavel","8":"product_tag-duomo","9":"product_tag-listrado","10":"product_tag-samba-cancao","11":"product_tag-short-para-dormir","13":"first","14":"instock","15":"sale","16":"shipping-taxable","17":"purchasable","18":"product-type-simple"},"_links":{"self":[{"href":"https:\/\/glauciamodaintimasje.com.br\/site\/index.php?rest_route=\/wp\/v2\/product\/1175"}],"collection":[{"href":"https:\/\/glauciamodaintimasje.com.br\/site\/index.php?rest_route=\/wp\/v2\/product"}],"about":[{"href":"https:\/\/glauciamodaintimasje.com.br\/site\/index.php?rest_route=\/wp\/v2\/types\/product"}],"wp:featuredmedia":[{"embeddable":true,"href":"https:\/\/glauciamodaintimasje.com.br\/site\/index.php?rest_route=\/wp\/v2\/media\/1176"}],"wp:attachment":[{"href":"https:\/\/glauciamodaintimasje.com.br\/site\/index.php?rest_route=%2Fwp%2Fv2%2Fmedia&parent=1175"}],"wp:term":[{"taxonomy":"product_cat","embeddable":true,"href":"https:\/\/glauciamodaintimasje.com.br\/site\/index.php?rest_route=%2Fwp%2Fv2%2Fproduct_cat&post=1175"},{"taxonomy":"product_tag","embeddable":true,"href":"https:\/\/glauciamodaintimasje.com.br\/site\/index.php?rest_route=%2Fwp%2Fv2%2Fproduct_tag&post=1175"}],"curies":[{"name":"wp","href":"https:\/\/api.w.org\/{rel}","templated":true}]}}