{"id":1172,"date":"2024-08-07T14:37:49","date_gmt":"2024-08-07T17:37:49","guid":{"rendered":"https:\/\/glauciamodaintimasje.com.br\/site\/?post_type=product&#038;p=1172"},"modified":"2025-05-10T09:11:43","modified_gmt":"2025-05-10T12:11:43","slug":"kit-2-cuecas-slip-gell-ref-796","status":"publish","type":"product","link":"https:\/\/glauciamodaintimasje.com.br\/site\/?product=kit-2-cuecas-slip-gell-ref-796","title":{"rendered":"KIT 2 CUECAS SLIP GELL REF. 796"},"content":{"rendered":"<p>CONFORT\u00c1VEL<\/p>\n<p>\u00d3TIMA DURABILIDADE<\/p>\n<p>87% POLIAMIDA<\/p>\n<p>10% ELASTANO<\/p>\n<p>3% POLI\u00c9STER<\/p>\n<p>FORRO 100% ALGOD\u00c3O<\/p>\n<p>Tam. G<\/p>\n","protected":false},"excerpt":{"rendered":"<p>CONFORT\u00c1VEL \u00d3TIMA DURABILIDADE 87% POLIAMIDA 10% ELASTANO 3% POLI\u00c9STER FORRO 100% ALGOD\u00c3O Tam. G<\/p>\n","protected":false},"featured_media":1173,"template":"","meta":[],"product_cat":[292],"product_tag":[43,87,136,139,140,149,145],"class_list":{"0":"post-1172","1":"product","2":"type-product","3":"status-publish","4":"has-post-thumbnail","6":"product_cat-kit-cuecas-slip","7":"product_tag-confortavel","8":"product_tag-creme","9":"product_tag-cueca","10":"product_tag-gell","11":"product_tag-kit-cueca","12":"product_tag-marrom","13":"product_tag-slip","15":"first","16":"outofstock","17":"sale","18":"shipping-taxable","19":"purchasable","20":"product-type-simple"},"_links":{"self":[{"href":"https:\/\/glauciamodaintimasje.com.br\/site\/index.php?rest_route=\/wp\/v2\/product\/1172"}],"collection":[{"href":"https:\/\/glauciamodaintimasje.com.br\/site\/index.php?rest_route=\/wp\/v2\/product"}],"about":[{"href":"https:\/\/glauciamodaintimasje.com.br\/site\/index.php?rest_route=\/wp\/v2\/types\/product"}],"wp:featuredmedia":[{"embeddable":true,"href":"https:\/\/glauciamodaintimasje.com.br\/site\/index.php?rest_route=\/wp\/v2\/media\/1173"}],"wp:attachment":[{"href":"https:\/\/glauciamodaintimasje.com.br\/site\/index.php?rest_route=%2Fwp%2Fv2%2Fmedia&parent=1172"}],"wp:term":[{"taxonomy":"product_cat","embeddable":true,"href":"https:\/\/glauciamodaintimasje.com.br\/site\/index.php?rest_route=%2Fwp%2Fv2%2Fproduct_cat&post=1172"},{"taxonomy":"product_tag","embeddable":true,"href":"https:\/\/glauciamodaintimasje.com.br\/site\/index.php?rest_route=%2Fwp%2Fv2%2Fproduct_tag&post=1172"}],"curies":[{"name":"wp","href":"https:\/\/api.w.org\/{rel}","templated":true}]}}