{"id":1169,"date":"2024-08-07T14:33:17","date_gmt":"2024-08-07T17:33:17","guid":{"rendered":"https:\/\/glauciamodaintimasje.com.br\/site\/?post_type=product&#038;p=1169"},"modified":"2025-05-10T08:58:09","modified_gmt":"2025-05-10T11:58:09","slug":"kit-2-cuecas-slip-gell-ref-687","status":"publish","type":"product","link":"https:\/\/glauciamodaintimasje.com.br\/site\/?product=kit-2-cuecas-slip-gell-ref-687","title":{"rendered":"KIT 2 CUECAS SLIP GELL REF. 687"},"content":{"rendered":"<p>CONFORT\u00c1VEL<\/p>\n<p>\u00d3TIMA DURABILIDADE<\/p>\n<p>90% POLIAMIDA<\/p>\n<p>10% ELASTANO<\/p>\n<p>FORRO 100% ALGOD\u00c3O<\/p>\n<p>Tam. P<\/p>\n","protected":false},"excerpt":{"rendered":"<p>CONFORT\u00c1VEL \u00d3TIMA DURABILIDADE 90% POLIAMIDA 10% ELASTANO FORRO 100% ALGOD\u00c3O Tam. P<\/p>\n","protected":false},"featured_media":1170,"template":"","meta":[],"product_cat":[290],"product_tag":[125,62,43,147,139,140,145,78],"class_list":{"0":"post-1169","1":"product","2":"type-product","3":"status-publish","4":"has-post-thumbnail","6":"product_cat-cueca-slip","7":"product_tag-amarelo","8":"product_tag-azul","9":"product_tag-confortavel","10":"product_tag-cuecas","11":"product_tag-gell","12":"product_tag-kit-cueca","13":"product_tag-slip","14":"product_tag-verde","16":"first","17":"instock","18":"sale","19":"shipping-taxable","20":"purchasable","21":"product-type-simple"},"_links":{"self":[{"href":"https:\/\/glauciamodaintimasje.com.br\/site\/index.php?rest_route=\/wp\/v2\/product\/1169"}],"collection":[{"href":"https:\/\/glauciamodaintimasje.com.br\/site\/index.php?rest_route=\/wp\/v2\/product"}],"about":[{"href":"https:\/\/glauciamodaintimasje.com.br\/site\/index.php?rest_route=\/wp\/v2\/types\/product"}],"wp:featuredmedia":[{"embeddable":true,"href":"https:\/\/glauciamodaintimasje.com.br\/site\/index.php?rest_route=\/wp\/v2\/media\/1170"}],"wp:attachment":[{"href":"https:\/\/glauciamodaintimasje.com.br\/site\/index.php?rest_route=%2Fwp%2Fv2%2Fmedia&parent=1169"}],"wp:term":[{"taxonomy":"product_cat","embeddable":true,"href":"https:\/\/glauciamodaintimasje.com.br\/site\/index.php?rest_route=%2Fwp%2Fv2%2Fproduct_cat&post=1169"},{"taxonomy":"product_tag","embeddable":true,"href":"https:\/\/glauciamodaintimasje.com.br\/site\/index.php?rest_route=%2Fwp%2Fv2%2Fproduct_tag&post=1169"}],"curies":[{"name":"wp","href":"https:\/\/api.w.org\/{rel}","templated":true}]}}