{"id":1160,"date":"2024-08-07T14:23:09","date_gmt":"2024-08-07T17:23:09","guid":{"rendered":"https:\/\/glauciamodaintimasje.com.br\/site\/?post_type=product&#038;p=1160"},"modified":"2025-05-10T09:00:43","modified_gmt":"2025-05-10T12:00:43","slug":"kit-2-cuecas-slip-gell-ref-786","status":"publish","type":"product","link":"https:\/\/glauciamodaintimasje.com.br\/site\/?product=kit-2-cuecas-slip-gell-ref-786","title":{"rendered":"KIT 2 CUECAS SLIP GELL REF. 786"},"content":{"rendered":"<p>CONFORT\u00c1VEL<\/p>\n<p>\u00d3TIMA DURABILIDADE<\/p>\n<p>87% POLIAMIDA<\/p>\n<p>10% ELASTANO<\/p>\n<p>3% POLI\u00c9STER<\/p>\n<p>FORRO 100% ALGOD\u00c3O<\/p>\n<p>Tam. P<\/p>\n","protected":false},"excerpt":{"rendered":"<p>CONFORT\u00c1VEL \u00d3TIMA DURABILIDADE 87% POLIAMIDA 10% ELASTANO 3% POLI\u00c9STER FORRO 100% ALGOD\u00c3O Tam. P<\/p>\n","protected":false},"featured_media":1164,"template":"","meta":[],"product_cat":[292],"product_tag":[43,147,139,140,149,145],"class_list":{"0":"post-1160","1":"product","2":"type-product","3":"status-publish","4":"has-post-thumbnail","6":"product_cat-kit-cuecas-slip","7":"product_tag-confortavel","8":"product_tag-cuecas","9":"product_tag-gell","10":"product_tag-kit-cueca","11":"product_tag-marrom","12":"product_tag-slip","14":"first","15":"instock","16":"sale","17":"shipping-taxable","18":"purchasable","19":"product-type-simple"},"_links":{"self":[{"href":"https:\/\/glauciamodaintimasje.com.br\/site\/index.php?rest_route=\/wp\/v2\/product\/1160"}],"collection":[{"href":"https:\/\/glauciamodaintimasje.com.br\/site\/index.php?rest_route=\/wp\/v2\/product"}],"about":[{"href":"https:\/\/glauciamodaintimasje.com.br\/site\/index.php?rest_route=\/wp\/v2\/types\/product"}],"wp:featuredmedia":[{"embeddable":true,"href":"https:\/\/glauciamodaintimasje.com.br\/site\/index.php?rest_route=\/wp\/v2\/media\/1164"}],"wp:attachment":[{"href":"https:\/\/glauciamodaintimasje.com.br\/site\/index.php?rest_route=%2Fwp%2Fv2%2Fmedia&parent=1160"}],"wp:term":[{"taxonomy":"product_cat","embeddable":true,"href":"https:\/\/glauciamodaintimasje.com.br\/site\/index.php?rest_route=%2Fwp%2Fv2%2Fproduct_cat&post=1160"},{"taxonomy":"product_tag","embeddable":true,"href":"https:\/\/glauciamodaintimasje.com.br\/site\/index.php?rest_route=%2Fwp%2Fv2%2Fproduct_tag&post=1160"}],"curies":[{"name":"wp","href":"https:\/\/api.w.org\/{rel}","templated":true}]}}