{"id":1157,"date":"2024-08-07T14:12:26","date_gmt":"2024-08-07T17:12:26","guid":{"rendered":"https:\/\/glauciamodaintimasje.com.br\/site\/?post_type=product&#038;p=1157"},"modified":"2025-05-10T09:10:35","modified_gmt":"2025-05-10T12:10:35","slug":"kit-3-cuecas-slip-gell","status":"publish","type":"product","link":"https:\/\/glauciamodaintimasje.com.br\/site\/?product=kit-3-cuecas-slip-gell","title":{"rendered":"KIT 3 CUECAS SLIP GELL"},"content":{"rendered":"<p>CONFORT\u00c1VEL<\/p>\n<p>\u00d3TIMA DURABILIDADE<\/p>\n<p>100% ALGOD\u00c3O<\/p>\n<p>Tam. P<\/p>\n<p>&nbsp;<\/p>\n","protected":false},"excerpt":{"rendered":"<p>CONFORT\u00c1VEL \u00d3TIMA DURABILIDADE 100% ALGOD\u00c3O Tam. P &nbsp;<\/p>\n","protected":false},"featured_media":1158,"template":"","meta":[],"product_cat":[292],"product_tag":[62,43,87,147,139,148,140,149,145],"class_list":{"0":"post-1157","1":"product","2":"type-product","3":"status-publish","4":"has-post-thumbnail","6":"product_cat-kit-cuecas-slip","7":"product_tag-azul","8":"product_tag-confortavel","9":"product_tag-creme","10":"product_tag-cuecas","11":"product_tag-gell","12":"product_tag-kit","13":"product_tag-kit-cueca","14":"product_tag-marrom","15":"product_tag-slip","17":"first","18":"instock","19":"sale","20":"shipping-taxable","21":"purchasable","22":"product-type-simple"},"_links":{"self":[{"href":"https:\/\/glauciamodaintimasje.com.br\/site\/index.php?rest_route=\/wp\/v2\/product\/1157"}],"collection":[{"href":"https:\/\/glauciamodaintimasje.com.br\/site\/index.php?rest_route=\/wp\/v2\/product"}],"about":[{"href":"https:\/\/glauciamodaintimasje.com.br\/site\/index.php?rest_route=\/wp\/v2\/types\/product"}],"wp:featuredmedia":[{"embeddable":true,"href":"https:\/\/glauciamodaintimasje.com.br\/site\/index.php?rest_route=\/wp\/v2\/media\/1158"}],"wp:attachment":[{"href":"https:\/\/glauciamodaintimasje.com.br\/site\/index.php?rest_route=%2Fwp%2Fv2%2Fmedia&parent=1157"}],"wp:term":[{"taxonomy":"product_cat","embeddable":true,"href":"https:\/\/glauciamodaintimasje.com.br\/site\/index.php?rest_route=%2Fwp%2Fv2%2Fproduct_cat&post=1157"},{"taxonomy":"product_tag","embeddable":true,"href":"https:\/\/glauciamodaintimasje.com.br\/site\/index.php?rest_route=%2Fwp%2Fv2%2Fproduct_tag&post=1157"}],"curies":[{"name":"wp","href":"https:\/\/api.w.org\/{rel}","templated":true}]}}