{"id":1153,"date":"2024-08-06T16:01:54","date_gmt":"2024-08-06T19:01:54","guid":{"rendered":"https:\/\/glauciamodaintimasje.com.br\/site\/?post_type=product&#038;p=1153"},"modified":"2025-05-10T08:55:08","modified_gmt":"2025-05-10T11:55:08","slug":"kit-2-cuecas-kids-duomo-2","status":"publish","type":"product","link":"https:\/\/glauciamodaintimasje.com.br\/site\/?product=kit-2-cuecas-kids-duomo-2","title":{"rendered":"KIT 2 CUECAS KIDS D&#8217;UOMO"},"content":{"rendered":"<p>CONFORT\u00c1VEL<\/p>\n<p>\u00d3TIMA DURABILIDADE<\/p>\n<p>100% ALGOD\u00c3O<\/p>\n<p>Tam. P<\/p>\n<p>AZUL MARINHO E AZUL BEB\u00ca<\/p>\n<p>&nbsp;<\/p>\n","protected":false},"excerpt":{"rendered":"<p>CONFORT\u00c1VEL \u00d3TIMA DURABILIDADE 100% ALGOD\u00c3O Tam. P AZUL MARINHO E AZUL BEB\u00ca &nbsp;<\/p>\n","protected":false},"featured_media":1151,"template":"","meta":[],"product_cat":[293],"product_tag":[130,104,144,43,137,146,140,145],"class_list":{"0":"post-1153","1":"product","2":"type-product","3":"status-publish","4":"has-post-thumbnail","6":"product_cat-kit-cuecas-infantil","7":"product_tag-100-algodao","8":"product_tag-azul-bebe","9":"product_tag-azul-marinho","10":"product_tag-confortavel","11":"product_tag-duomo","12":"product_tag-infantil","13":"product_tag-kit-cueca","14":"product_tag-slip","16":"first","17":"instock","18":"sale","19":"shipping-taxable","20":"purchasable","21":"product-type-simple"},"_links":{"self":[{"href":"https:\/\/glauciamodaintimasje.com.br\/site\/index.php?rest_route=\/wp\/v2\/product\/1153"}],"collection":[{"href":"https:\/\/glauciamodaintimasje.com.br\/site\/index.php?rest_route=\/wp\/v2\/product"}],"about":[{"href":"https:\/\/glauciamodaintimasje.com.br\/site\/index.php?rest_route=\/wp\/v2\/types\/product"}],"wp:featuredmedia":[{"embeddable":true,"href":"https:\/\/glauciamodaintimasje.com.br\/site\/index.php?rest_route=\/wp\/v2\/media\/1151"}],"wp:attachment":[{"href":"https:\/\/glauciamodaintimasje.com.br\/site\/index.php?rest_route=%2Fwp%2Fv2%2Fmedia&parent=1153"}],"wp:term":[{"taxonomy":"product_cat","embeddable":true,"href":"https:\/\/glauciamodaintimasje.com.br\/site\/index.php?rest_route=%2Fwp%2Fv2%2Fproduct_cat&post=1153"},{"taxonomy":"product_tag","embeddable":true,"href":"https:\/\/glauciamodaintimasje.com.br\/site\/index.php?rest_route=%2Fwp%2Fv2%2Fproduct_tag&post=1153"}],"curies":[{"name":"wp","href":"https:\/\/api.w.org\/{rel}","templated":true}]}}