{"id":1140,"date":"2024-08-06T15:42:38","date_gmt":"2024-08-06T18:42:38","guid":{"rendered":"https:\/\/glauciamodaintimasje.com.br\/site\/?post_type=product&#038;p=1140"},"modified":"2025-05-10T09:45:34","modified_gmt":"2025-05-10T12:45:34","slug":"cueca-jovem-duomo-ref-387","status":"publish","type":"product","link":"https:\/\/glauciamodaintimasje.com.br\/site\/?product=cueca-jovem-duomo-ref-387","title":{"rendered":"CUECA JOVEM D&#8217;UOMO REF.387"},"content":{"rendered":"<p>CONFORT\u00c1VEL<\/p>\n<p>\u00d3TIMA DURABILIDADE<\/p>\n<p>100% ALGOD\u00c3O<\/p>\n<p>Tam. M<\/p>\n<p>VERMELHA<\/p>\n","protected":false},"excerpt":{"rendered":"<p>CONFORT\u00c1VEL \u00d3TIMA DURABILIDADE 100% ALGOD\u00c3O Tam. M VERMELHA<\/p>\n","protected":false},"featured_media":1141,"template":"","meta":[],"product_cat":[290],"product_tag":[130,43,136,137,75],"class_list":{"0":"post-1140","1":"product","2":"type-product","3":"status-publish","4":"has-post-thumbnail","6":"product_cat-cueca-slip","7":"product_tag-100-algodao","8":"product_tag-confortavel","9":"product_tag-cueca","10":"product_tag-duomo","11":"product_tag-vermelha","13":"first","14":"instock","15":"sale","16":"shipping-taxable","17":"purchasable","18":"product-type-simple"},"_links":{"self":[{"href":"https:\/\/glauciamodaintimasje.com.br\/site\/index.php?rest_route=\/wp\/v2\/product\/1140"}],"collection":[{"href":"https:\/\/glauciamodaintimasje.com.br\/site\/index.php?rest_route=\/wp\/v2\/product"}],"about":[{"href":"https:\/\/glauciamodaintimasje.com.br\/site\/index.php?rest_route=\/wp\/v2\/types\/product"}],"wp:featuredmedia":[{"embeddable":true,"href":"https:\/\/glauciamodaintimasje.com.br\/site\/index.php?rest_route=\/wp\/v2\/media\/1141"}],"wp:attachment":[{"href":"https:\/\/glauciamodaintimasje.com.br\/site\/index.php?rest_route=%2Fwp%2Fv2%2Fmedia&parent=1140"}],"wp:term":[{"taxonomy":"product_cat","embeddable":true,"href":"https:\/\/glauciamodaintimasje.com.br\/site\/index.php?rest_route=%2Fwp%2Fv2%2Fproduct_cat&post=1140"},{"taxonomy":"product_tag","embeddable":true,"href":"https:\/\/glauciamodaintimasje.com.br\/site\/index.php?rest_route=%2Fwp%2Fv2%2Fproduct_tag&post=1140"}],"curies":[{"name":"wp","href":"https:\/\/api.w.org\/{rel}","templated":true}]}}