{"id":1131,"date":"2024-08-06T15:34:03","date_gmt":"2024-08-06T18:34:03","guid":{"rendered":"https:\/\/glauciamodaintimasje.com.br\/site\/?post_type=product&#038;p=1131"},"modified":"2024-11-06T15:11:58","modified_gmt":"2024-11-06T18:11:58","slug":"calcinha-fio-dental-del-rio-ref-57607","status":"publish","type":"product","link":"https:\/\/glauciamodaintimasje.com.br\/site\/?product=calcinha-fio-dental-del-rio-ref-57607","title":{"rendered":"CALCINHA FIO DENTAL DEL RIO REF.57607"},"content":{"rendered":"<p>CONFORT\u00c1VEL<\/p>\n<p>\u00d3TIMA DURABILIDADE<\/p>\n<p>90% ALGOD\u00c3O<\/p>\n<p>10% ELASTANO<\/p>\n<p>Tam. P<\/p>\n<p>BEGE<\/p>\n","protected":false},"excerpt":{"rendered":"<p>CONFORT\u00c1VEL \u00d3TIMA DURABILIDADE 90% ALGOD\u00c3O 10% ELASTANO Tam. P BEGE<\/p>\n","protected":false},"featured_media":1132,"template":"","meta":[],"product_cat":[],"product_tag":[133,81,71,43,74,132,67,72],"class_list":{"0":"post-1131","1":"product","2":"type-product","3":"status-publish","4":"has-post-thumbnail","6":"product_tag-algodao","7":"product_tag-bege","8":"product_tag-calcinha","9":"product_tag-confortavel","10":"product_tag-del-rio","11":"product_tag-fio-dental","12":"product_tag-nude","13":"product_tag-tanga","15":"first","16":"outofstock","17":"sale","18":"shipping-taxable","19":"purchasable","20":"product-type-simple"},"_links":{"self":[{"href":"https:\/\/glauciamodaintimasje.com.br\/site\/index.php?rest_route=\/wp\/v2\/product\/1131"}],"collection":[{"href":"https:\/\/glauciamodaintimasje.com.br\/site\/index.php?rest_route=\/wp\/v2\/product"}],"about":[{"href":"https:\/\/glauciamodaintimasje.com.br\/site\/index.php?rest_route=\/wp\/v2\/types\/product"}],"wp:featuredmedia":[{"embeddable":true,"href":"https:\/\/glauciamodaintimasje.com.br\/site\/index.php?rest_route=\/wp\/v2\/media\/1132"}],"wp:attachment":[{"href":"https:\/\/glauciamodaintimasje.com.br\/site\/index.php?rest_route=%2Fwp%2Fv2%2Fmedia&parent=1131"}],"wp:term":[{"taxonomy":"product_cat","embeddable":true,"href":"https:\/\/glauciamodaintimasje.com.br\/site\/index.php?rest_route=%2Fwp%2Fv2%2Fproduct_cat&post=1131"},{"taxonomy":"product_tag","embeddable":true,"href":"https:\/\/glauciamodaintimasje.com.br\/site\/index.php?rest_route=%2Fwp%2Fv2%2Fproduct_tag&post=1131"}],"curies":[{"name":"wp","href":"https:\/\/api.w.org\/{rel}","templated":true}]}}