{"id":1123,"date":"2024-08-06T14:17:36","date_gmt":"2024-08-06T17:17:36","guid":{"rendered":"https:\/\/glauciamodaintimasje.com.br\/site\/?post_type=product&#038;p=1123"},"modified":"2025-11-13T10:12:39","modified_gmt":"2025-11-13T13:12:39","slug":"vestido-arzu-ref-2262-sereia-praia","status":"publish","type":"product","link":"https:\/\/glauciamodaintimasje.com.br\/site\/?product=vestido-arzu-ref-2262-sereia-praia","title":{"rendered":"Sa\u00edda ARZU REF.2262 SEREIA PRAIA"},"content":{"rendered":"<p>CONFORT\u00c1VEL<\/p>\n<p>\u00d3TIMA DURABILIDADE<\/p>\n<p>SA\u00cdDA DE BANHO\/PRAIA<\/p>\n<p>Tam. G<\/p>\n<p>BRANCA<\/p>\n","protected":false},"excerpt":{"rendered":"<p>CONFORT\u00c1VEL \u00d3TIMA DURABILIDADE SA\u00cdDA DE BANHO\/PRAIA Tam. G BRANCA<\/p>\n","protected":false},"featured_media":1124,"template":"","meta":[],"product_cat":[228],"product_tag":[107,43,129,121,119,120,103,128],"class_list":{"0":"post-1123","1":"product","2":"type-product","3":"status-publish","4":"has-post-thumbnail","6":"product_cat-apenas-retirada-na-loja","7":"product_tag-branco","8":"product_tag-confortavel","9":"product_tag-longo","10":"product_tag-saida","11":"product_tag-saida-de-banho","12":"product_tag-saida-de-praia","13":"product_tag-sereia-praia","14":"product_tag-vestido","16":"first","17":"outofstock","18":"sale","19":"shipping-taxable","20":"purchasable","21":"product-type-simple"},"_links":{"self":[{"href":"https:\/\/glauciamodaintimasje.com.br\/site\/index.php?rest_route=\/wp\/v2\/product\/1123"}],"collection":[{"href":"https:\/\/glauciamodaintimasje.com.br\/site\/index.php?rest_route=\/wp\/v2\/product"}],"about":[{"href":"https:\/\/glauciamodaintimasje.com.br\/site\/index.php?rest_route=\/wp\/v2\/types\/product"}],"wp:featuredmedia":[{"embeddable":true,"href":"https:\/\/glauciamodaintimasje.com.br\/site\/index.php?rest_route=\/wp\/v2\/media\/1124"}],"wp:attachment":[{"href":"https:\/\/glauciamodaintimasje.com.br\/site\/index.php?rest_route=%2Fwp%2Fv2%2Fmedia&parent=1123"}],"wp:term":[{"taxonomy":"product_cat","embeddable":true,"href":"https:\/\/glauciamodaintimasje.com.br\/site\/index.php?rest_route=%2Fwp%2Fv2%2Fproduct_cat&post=1123"},{"taxonomy":"product_tag","embeddable":true,"href":"https:\/\/glauciamodaintimasje.com.br\/site\/index.php?rest_route=%2Fwp%2Fv2%2Fproduct_tag&post=1123"}],"curies":[{"name":"wp","href":"https:\/\/api.w.org\/{rel}","templated":true}]}}