{"id":1120,"date":"2024-08-05T17:15:09","date_gmt":"2024-08-05T20:15:09","guid":{"rendered":"https:\/\/glauciamodaintimasje.com.br\/site\/?post_type=product&#038;p=1120"},"modified":"2025-07-19T12:37:16","modified_gmt":"2025-07-19T15:37:16","slug":"calca-santorini-tomate-fio-a-fio","status":"publish","type":"product","link":"https:\/\/glauciamodaintimasje.com.br\/site\/?product=calca-santorini-tomate-fio-a-fio","title":{"rendered":"CAL\u00c7A SANTORINI TOMATE FIO A FIO"},"content":{"rendered":"<p>CONFORT\u00c1VEL<\/p>\n<p>\u00d3TIMA DURABILIDADE<\/p>\n<p>SA\u00cdDA DE BANHO\/PRAIA<\/p>\n<p>Tam. P<\/p>\n<p>&nbsp;<\/p>\n","protected":false},"excerpt":{"rendered":"<p>CONFORT\u00c1VEL \u00d3TIMA DURABILIDADE SA\u00cdDA DE BANHO\/PRAIA Tam. P &nbsp;<\/p>\n","protected":false},"featured_media":1121,"template":"","meta":[],"product_cat":[228],"product_tag":[126,43,112,100,121,119,120,127,63],"class_list":{"0":"post-1120","1":"product","2":"type-product","3":"status-publish","4":"has-post-thumbnail","6":"product_cat-apenas-retirada-na-loja","7":"product_tag-calca","8":"product_tag-confortavel","9":"product_tag-fio-a-fio","10":"product_tag-lisa","11":"product_tag-saida","12":"product_tag-saida-de-banho","13":"product_tag-saida-de-praia","14":"product_tag-tomate","15":"product_tag-vermelho","17":"first","18":"outofstock","19":"sale","20":"shipping-taxable","21":"purchasable","22":"product-type-simple"},"_links":{"self":[{"href":"https:\/\/glauciamodaintimasje.com.br\/site\/index.php?rest_route=\/wp\/v2\/product\/1120"}],"collection":[{"href":"https:\/\/glauciamodaintimasje.com.br\/site\/index.php?rest_route=\/wp\/v2\/product"}],"about":[{"href":"https:\/\/glauciamodaintimasje.com.br\/site\/index.php?rest_route=\/wp\/v2\/types\/product"}],"wp:featuredmedia":[{"embeddable":true,"href":"https:\/\/glauciamodaintimasje.com.br\/site\/index.php?rest_route=\/wp\/v2\/media\/1121"}],"wp:attachment":[{"href":"https:\/\/glauciamodaintimasje.com.br\/site\/index.php?rest_route=%2Fwp%2Fv2%2Fmedia&parent=1120"}],"wp:term":[{"taxonomy":"product_cat","embeddable":true,"href":"https:\/\/glauciamodaintimasje.com.br\/site\/index.php?rest_route=%2Fwp%2Fv2%2Fproduct_cat&post=1120"},{"taxonomy":"product_tag","embeddable":true,"href":"https:\/\/glauciamodaintimasje.com.br\/site\/index.php?rest_route=%2Fwp%2Fv2%2Fproduct_tag&post=1120"}],"curies":[{"name":"wp","href":"https:\/\/api.w.org\/{rel}","templated":true}]}}