{"id":1112,"date":"2024-08-05T16:46:24","date_gmt":"2024-08-05T19:46:24","guid":{"rendered":"https:\/\/glauciamodaintimasje.com.br\/site\/?post_type=product&#038;p=1112"},"modified":"2025-05-07T14:31:47","modified_gmt":"2025-05-07T17:31:47","slug":"short-sereia-praia-amarelo","status":"publish","type":"product","link":"https:\/\/glauciamodaintimasje.com.br\/site\/?product=short-sereia-praia-amarelo","title":{"rendered":"SHORT SEREIA PRAIA AMARELO"},"content":{"rendered":"<p>CONFORT\u00c1VEL<\/p>\n<p>\u00d3TIMA DUABILIDADE<\/p>\n<p>SA\u00cdDA DE BANHO\/PRAIA<\/p>\n<p>AMARELO<\/p>\n<p>Tam. M<\/p>\n","protected":false},"excerpt":{"rendered":"<p>CONFORT\u00c1VEL \u00d3TIMA DUABILIDADE SA\u00cdDA DE BANHO\/PRAIA AMARELO Tam. M<\/p>\n","protected":false},"featured_media":1113,"template":"","meta":[],"product_cat":[228],"product_tag":[125,43,121,119,120,103,49],"class_list":{"0":"post-1112","1":"product","2":"type-product","3":"status-publish","4":"has-post-thumbnail","6":"product_cat-apenas-retirada-na-loja","7":"product_tag-amarelo","8":"product_tag-confortavel","9":"product_tag-saida","10":"product_tag-saida-de-banho","11":"product_tag-saida-de-praia","12":"product_tag-sereia-praia","13":"product_tag-short","15":"first","16":"instock","17":"sale","18":"shipping-taxable","19":"purchasable","20":"product-type-simple"},"_links":{"self":[{"href":"https:\/\/glauciamodaintimasje.com.br\/site\/index.php?rest_route=\/wp\/v2\/product\/1112"}],"collection":[{"href":"https:\/\/glauciamodaintimasje.com.br\/site\/index.php?rest_route=\/wp\/v2\/product"}],"about":[{"href":"https:\/\/glauciamodaintimasje.com.br\/site\/index.php?rest_route=\/wp\/v2\/types\/product"}],"wp:featuredmedia":[{"embeddable":true,"href":"https:\/\/glauciamodaintimasje.com.br\/site\/index.php?rest_route=\/wp\/v2\/media\/1113"}],"wp:attachment":[{"href":"https:\/\/glauciamodaintimasje.com.br\/site\/index.php?rest_route=%2Fwp%2Fv2%2Fmedia&parent=1112"}],"wp:term":[{"taxonomy":"product_cat","embeddable":true,"href":"https:\/\/glauciamodaintimasje.com.br\/site\/index.php?rest_route=%2Fwp%2Fv2%2Fproduct_cat&post=1112"},{"taxonomy":"product_tag","embeddable":true,"href":"https:\/\/glauciamodaintimasje.com.br\/site\/index.php?rest_route=%2Fwp%2Fv2%2Fproduct_tag&post=1112"}],"curies":[{"name":"wp","href":"https:\/\/api.w.org\/{rel}","templated":true}]}}