{"id":1108,"date":"2024-08-05T16:40:32","date_gmt":"2024-08-05T19:40:32","guid":{"rendered":"https:\/\/glauciamodaintimasje.com.br\/site\/?post_type=product&#038;p=1108"},"modified":"2025-11-06T17:56:13","modified_gmt":"2025-11-06T20:56:13","slug":"short-flor-do-agreste-sereia-praia-ref-2611","status":"publish","type":"product","link":"https:\/\/glauciamodaintimasje.com.br\/site\/?product=short-flor-do-agreste-sereia-praia-ref-2611","title":{"rendered":"SHORT FLOR DO AGRESTE SEREIA PRAIA REF.2611"},"content":{"rendered":"<p>CONFORT\u00c1VEL<\/p>\n<p>\u00d3TIMA DURABILIDADE<\/p>\n<p>SA\u00cdDA DE BANHO\/PRAIA<\/p>\n<p>VERMELHO<\/p>\n<p>Tam. M<\/p>\n","protected":false},"excerpt":{"rendered":"<p>CONFORT\u00c1VEL \u00d3TIMA DURABILIDADE SA\u00cdDA DE BANHO\/PRAIA VERMELHO Tam. M<\/p>\n","protected":false},"featured_media":1109,"template":"","meta":[],"product_cat":[228],"product_tag":[43,121,119,120,103,49,75,63],"class_list":{"0":"post-1108","1":"product","2":"type-product","3":"status-publish","4":"has-post-thumbnail","6":"product_cat-apenas-retirada-na-loja","7":"product_tag-confortavel","8":"product_tag-saida","9":"product_tag-saida-de-banho","10":"product_tag-saida-de-praia","11":"product_tag-sereia-praia","12":"product_tag-short","13":"product_tag-vermelha","14":"product_tag-vermelho","16":"first","17":"outofstock","18":"sale","19":"shipping-taxable","20":"purchasable","21":"product-type-simple"},"_links":{"self":[{"href":"https:\/\/glauciamodaintimasje.com.br\/site\/index.php?rest_route=\/wp\/v2\/product\/1108"}],"collection":[{"href":"https:\/\/glauciamodaintimasje.com.br\/site\/index.php?rest_route=\/wp\/v2\/product"}],"about":[{"href":"https:\/\/glauciamodaintimasje.com.br\/site\/index.php?rest_route=\/wp\/v2\/types\/product"}],"wp:featuredmedia":[{"embeddable":true,"href":"https:\/\/glauciamodaintimasje.com.br\/site\/index.php?rest_route=\/wp\/v2\/media\/1109"}],"wp:attachment":[{"href":"https:\/\/glauciamodaintimasje.com.br\/site\/index.php?rest_route=%2Fwp%2Fv2%2Fmedia&parent=1108"}],"wp:term":[{"taxonomy":"product_cat","embeddable":true,"href":"https:\/\/glauciamodaintimasje.com.br\/site\/index.php?rest_route=%2Fwp%2Fv2%2Fproduct_cat&post=1108"},{"taxonomy":"product_tag","embeddable":true,"href":"https:\/\/glauciamodaintimasje.com.br\/site\/index.php?rest_route=%2Fwp%2Fv2%2Fproduct_tag&post=1108"}],"curies":[{"name":"wp","href":"https:\/\/api.w.org\/{rel}","templated":true}]}}