{"id":1104,"date":"2024-08-05T16:35:02","date_gmt":"2024-08-05T19:35:02","guid":{"rendered":"https:\/\/glauciamodaintimasje.com.br\/site\/?post_type=product&#038;p=1104"},"modified":"2025-10-22T10:52:27","modified_gmt":"2025-10-22T13:52:27","slug":"short-krystal-sereia-praia-ref-2611","status":"publish","type":"product","link":"https:\/\/glauciamodaintimasje.com.br\/site\/?product=short-krystal-sereia-praia-ref-2611","title":{"rendered":"SHORT KRYSTAL SEREIA PRAIA REF.2611"},"content":{"rendered":"<p>CONFORT\u00c1VEL<\/p>\n<p>\u00d3TIMA DURABILIDADE<\/p>\n<p>SA\u00cdDA DE BANHO\/PRAIA<\/p>\n<p>Tam. M<\/p>\n<p>FELINE<\/p>\n<p>&nbsp;<\/p>\n","protected":false},"excerpt":{"rendered":"<p>CONFORT\u00c1VEL \u00d3TIMA DURABILIDADE SA\u00cdDA DE BANHO\/PRAIA Tam. M FELINE &nbsp;<\/p>\n","protected":false},"featured_media":1105,"template":"","meta":[],"product_cat":[228],"product_tag":[124,43,121,119,120,103,49],"class_list":{"0":"post-1104","1":"product","2":"type-product","3":"status-publish","4":"has-post-thumbnail","6":"product_cat-apenas-retirada-na-loja","7":"product_tag-animal-print","8":"product_tag-confortavel","9":"product_tag-saida","10":"product_tag-saida-de-banho","11":"product_tag-saida-de-praia","12":"product_tag-sereia-praia","13":"product_tag-short","15":"first","16":"outofstock","17":"sale","18":"shipping-taxable","19":"purchasable","20":"product-type-simple"},"_links":{"self":[{"href":"https:\/\/glauciamodaintimasje.com.br\/site\/index.php?rest_route=\/wp\/v2\/product\/1104"}],"collection":[{"href":"https:\/\/glauciamodaintimasje.com.br\/site\/index.php?rest_route=\/wp\/v2\/product"}],"about":[{"href":"https:\/\/glauciamodaintimasje.com.br\/site\/index.php?rest_route=\/wp\/v2\/types\/product"}],"wp:featuredmedia":[{"embeddable":true,"href":"https:\/\/glauciamodaintimasje.com.br\/site\/index.php?rest_route=\/wp\/v2\/media\/1105"}],"wp:attachment":[{"href":"https:\/\/glauciamodaintimasje.com.br\/site\/index.php?rest_route=%2Fwp%2Fv2%2Fmedia&parent=1104"}],"wp:term":[{"taxonomy":"product_cat","embeddable":true,"href":"https:\/\/glauciamodaintimasje.com.br\/site\/index.php?rest_route=%2Fwp%2Fv2%2Fproduct_cat&post=1104"},{"taxonomy":"product_tag","embeddable":true,"href":"https:\/\/glauciamodaintimasje.com.br\/site\/index.php?rest_route=%2Fwp%2Fv2%2Fproduct_tag&post=1104"}],"curies":[{"name":"wp","href":"https:\/\/api.w.org\/{rel}","templated":true}]}}