{"id":1090,"date":"2024-08-02T14:45:29","date_gmt":"2024-08-02T17:45:29","guid":{"rendered":"https:\/\/glauciamodaintimasje.com.br\/site\/?post_type=product&#038;p=1090"},"modified":"2025-05-07T14:35:24","modified_gmt":"2025-05-07T17:35:24","slug":"maio-rosa-sereia-praia-ref-3149","status":"publish","type":"product","link":"https:\/\/glauciamodaintimasje.com.br\/site\/?product=maio-rosa-sereia-praia-ref-3149","title":{"rendered":"MAI\u00d4 ROSA SEREIA PRAIA REF.3149"},"content":{"rendered":"<p>CONFORT\u00c1VEL<\/p>\n<p>\u00d3TIMA DURABILIDADE<\/p>\n<p>COM BOJO<\/p>\n<p>AL\u00c7A REGUL\u00c1VEL<\/p>\n<p>Tam. M<\/p>\n<p>ROSA<\/p>\n","protected":false},"excerpt":{"rendered":"<p>CONFORT\u00c1VEL \u00d3TIMA DURABILIDADE COM BOJO AL\u00c7A REGUL\u00c1VEL Tam. M ROSA<\/p>\n","protected":false},"featured_media":1091,"template":"","meta":[],"product_cat":[228],"product_tag":[54,53,43,113,117,103],"class_list":{"0":"post-1090","1":"product","2":"type-product","3":"status-publish","4":"has-post-thumbnail","6":"product_cat-apenas-retirada-na-loja","7":"product_tag-alca-regulavel","8":"product_tag-com-bojo","9":"product_tag-confortavel","10":"product_tag-maio","11":"product_tag-rosa","12":"product_tag-sereia-praia","14":"first","15":"instock","16":"sale","17":"shipping-taxable","18":"purchasable","19":"product-type-simple"},"_links":{"self":[{"href":"https:\/\/glauciamodaintimasje.com.br\/site\/index.php?rest_route=\/wp\/v2\/product\/1090"}],"collection":[{"href":"https:\/\/glauciamodaintimasje.com.br\/site\/index.php?rest_route=\/wp\/v2\/product"}],"about":[{"href":"https:\/\/glauciamodaintimasje.com.br\/site\/index.php?rest_route=\/wp\/v2\/types\/product"}],"wp:featuredmedia":[{"embeddable":true,"href":"https:\/\/glauciamodaintimasje.com.br\/site\/index.php?rest_route=\/wp\/v2\/media\/1091"}],"wp:attachment":[{"href":"https:\/\/glauciamodaintimasje.com.br\/site\/index.php?rest_route=%2Fwp%2Fv2%2Fmedia&parent=1090"}],"wp:term":[{"taxonomy":"product_cat","embeddable":true,"href":"https:\/\/glauciamodaintimasje.com.br\/site\/index.php?rest_route=%2Fwp%2Fv2%2Fproduct_cat&post=1090"},{"taxonomy":"product_tag","embeddable":true,"href":"https:\/\/glauciamodaintimasje.com.br\/site\/index.php?rest_route=%2Fwp%2Fv2%2Fproduct_tag&post=1090"}],"curies":[{"name":"wp","href":"https:\/\/api.w.org\/{rel}","templated":true}]}}