{"id":1085,"date":"2024-08-02T14:38:25","date_gmt":"2024-08-02T17:38:25","guid":{"rendered":"https:\/\/glauciamodaintimasje.com.br\/site\/?post_type=product&#038;p=1085"},"modified":"2024-11-06T15:05:00","modified_gmt":"2024-11-06T18:05:00","slug":"maio-dupla-face-sereia-praia-ref-3119","status":"publish","type":"product","link":"https:\/\/glauciamodaintimasje.com.br\/site\/?product=maio-dupla-face-sereia-praia-ref-3119","title":{"rendered":"MAI\u00d4 DUPLA FACE SEREIA PRAIA REF.3119"},"content":{"rendered":"<p>CONFORT\u00c1VEL<\/p>\n<p>\u00d3TIMA DURABILIDADE<\/p>\n<p>COM BOJO<\/p>\n<p>AL\u00c7A REGUL\u00c1VEL<\/p>\n<p>CAVADO<\/p>\n<p>DUPLA FACE<\/p>\n<p>Tam. GG<\/p>\n<p>&nbsp;<\/p>\n","protected":false},"excerpt":{"rendered":"<p>CONFORT\u00c1VEL \u00d3TIMA DURABILIDADE COM BOJO AL\u00c7A REGUL\u00c1VEL CAVADO DUPLA FACE Tam. GG &nbsp;<\/p>\n","protected":false},"featured_media":1086,"template":"","meta":[],"product_cat":[],"product_tag":[54,116,53,43,109,113,103],"class_list":{"0":"post-1085","1":"product","2":"type-product","3":"status-publish","4":"has-post-thumbnail","6":"product_tag-alca-regulavel","7":"product_tag-cavado","8":"product_tag-com-bojo","9":"product_tag-confortavel","10":"product_tag-dupla-face","11":"product_tag-maio","12":"product_tag-sereia-praia","14":"first","15":"outofstock","16":"sale","17":"shipping-taxable","18":"purchasable","19":"product-type-simple"},"_links":{"self":[{"href":"https:\/\/glauciamodaintimasje.com.br\/site\/index.php?rest_route=\/wp\/v2\/product\/1085"}],"collection":[{"href":"https:\/\/glauciamodaintimasje.com.br\/site\/index.php?rest_route=\/wp\/v2\/product"}],"about":[{"href":"https:\/\/glauciamodaintimasje.com.br\/site\/index.php?rest_route=\/wp\/v2\/types\/product"}],"wp:featuredmedia":[{"embeddable":true,"href":"https:\/\/glauciamodaintimasje.com.br\/site\/index.php?rest_route=\/wp\/v2\/media\/1086"}],"wp:attachment":[{"href":"https:\/\/glauciamodaintimasje.com.br\/site\/index.php?rest_route=%2Fwp%2Fv2%2Fmedia&parent=1085"}],"wp:term":[{"taxonomy":"product_cat","embeddable":true,"href":"https:\/\/glauciamodaintimasje.com.br\/site\/index.php?rest_route=%2Fwp%2Fv2%2Fproduct_cat&post=1085"},{"taxonomy":"product_tag","embeddable":true,"href":"https:\/\/glauciamodaintimasje.com.br\/site\/index.php?rest_route=%2Fwp%2Fv2%2Fproduct_tag&post=1085"}],"curies":[{"name":"wp","href":"https:\/\/api.w.org\/{rel}","templated":true}]}}