{"id":1081,"date":"2024-08-02T14:34:05","date_gmt":"2024-08-02T17:34:05","guid":{"rendered":"https:\/\/glauciamodaintimasje.com.br\/site\/?post_type=product&#038;p=1081"},"modified":"2025-07-10T22:00:46","modified_gmt":"2025-07-11T01:00:46","slug":"maio-perola-fio-a-fio-ref-149086","status":"publish","type":"product","link":"https:\/\/glauciamodaintimasje.com.br\/site\/?product=maio-perola-fio-a-fio-ref-149086","title":{"rendered":"MAI\u00d4 P\u00c9ROLA FIO A FIO REF.149086"},"content":{"rendered":"<p>CONFORT\u00c1VEL<\/p>\n<p>\u00d3TIMA DURABILIDADE<\/p>\n<p>COM BOJO<\/p>\n<p>SEMI FIO<\/p>\n<p>Tam. M<\/p>\n<p>P\u00c9ROLA<\/p>\n","protected":false},"excerpt":{"rendered":"<p>CONFORT\u00c1VEL \u00d3TIMA DURABILIDADE COM BOJO SEMI FIO Tam. M P\u00c9ROLA<\/p>\n","protected":false},"featured_media":7548,"template":"","meta":[],"product_cat":[228],"product_tag":[53,43,112,113,115],"class_list":{"0":"post-1081","1":"product","2":"type-product","3":"status-publish","4":"has-post-thumbnail","6":"product_cat-apenas-retirada-na-loja","7":"product_tag-com-bojo","8":"product_tag-confortavel","9":"product_tag-fio-a-fio","10":"product_tag-maio","11":"product_tag-perola","13":"first","14":"outofstock","15":"sale","16":"shipping-taxable","17":"purchasable","18":"product-type-simple"},"_links":{"self":[{"href":"https:\/\/glauciamodaintimasje.com.br\/site\/index.php?rest_route=\/wp\/v2\/product\/1081"}],"collection":[{"href":"https:\/\/glauciamodaintimasje.com.br\/site\/index.php?rest_route=\/wp\/v2\/product"}],"about":[{"href":"https:\/\/glauciamodaintimasje.com.br\/site\/index.php?rest_route=\/wp\/v2\/types\/product"}],"wp:featuredmedia":[{"embeddable":true,"href":"https:\/\/glauciamodaintimasje.com.br\/site\/index.php?rest_route=\/wp\/v2\/media\/7548"}],"wp:attachment":[{"href":"https:\/\/glauciamodaintimasje.com.br\/site\/index.php?rest_route=%2Fwp%2Fv2%2Fmedia&parent=1081"}],"wp:term":[{"taxonomy":"product_cat","embeddable":true,"href":"https:\/\/glauciamodaintimasje.com.br\/site\/index.php?rest_route=%2Fwp%2Fv2%2Fproduct_cat&post=1081"},{"taxonomy":"product_tag","embeddable":true,"href":"https:\/\/glauciamodaintimasje.com.br\/site\/index.php?rest_route=%2Fwp%2Fv2%2Fproduct_tag&post=1081"}],"curies":[{"name":"wp","href":"https:\/\/api.w.org\/{rel}","templated":true}]}}