{"id":1052,"date":"2024-08-01T16:45:55","date_gmt":"2024-08-01T19:45:55","guid":{"rendered":"https:\/\/glauciamodaintimasje.com.br\/site\/?post_type=product&#038;p=1052"},"modified":"2024-11-06T14:54:11","modified_gmt":"2024-11-06T17:54:11","slug":"biquini-la-dolce-sereia-praia","status":"publish","type":"product","link":"https:\/\/glauciamodaintimasje.com.br\/site\/?product=biquini-la-dolce-sereia-praia","title":{"rendered":"BIQU\u00cdNI LA DOLCE SEREIA PRAIA"},"content":{"rendered":"<p>CONFORT\u00c1VEL<\/p>\n<p>\u00d3TIMA DURABILIDADE<\/p>\n<p>COM BOJO<\/p>\n<p>CALC. ALTA CAVADA<\/p>\n<p>Tam. G<\/p>\n<p>AZUL BEB\u00ca<\/p>\n","protected":false},"excerpt":{"rendered":"<p>CONFORT\u00c1VEL \u00d3TIMA DURABILIDADE COM BOJO CALC. ALTA CAVADA Tam. G AZUL BEB\u00ca<\/p>\n","protected":false},"featured_media":1053,"template":"","meta":[],"product_cat":[89],"product_tag":[62,104,90,105,53,43,103],"class_list":{"0":"post-1052","1":"product","2":"type-product","3":"status-publish","4":"has-post-thumbnail","6":"product_cat-biquini","7":"product_tag-azul","8":"product_tag-azul-bebe","9":"product_tag-biquini","10":"product_tag-calcinha-alta","11":"product_tag-com-bojo","12":"product_tag-confortavel","13":"product_tag-sereia-praia","15":"first","16":"outofstock","17":"sale","18":"shipping-taxable","19":"purchasable","20":"product-type-simple"},"_links":{"self":[{"href":"https:\/\/glauciamodaintimasje.com.br\/site\/index.php?rest_route=\/wp\/v2\/product\/1052"}],"collection":[{"href":"https:\/\/glauciamodaintimasje.com.br\/site\/index.php?rest_route=\/wp\/v2\/product"}],"about":[{"href":"https:\/\/glauciamodaintimasje.com.br\/site\/index.php?rest_route=\/wp\/v2\/types\/product"}],"wp:featuredmedia":[{"embeddable":true,"href":"https:\/\/glauciamodaintimasje.com.br\/site\/index.php?rest_route=\/wp\/v2\/media\/1053"}],"wp:attachment":[{"href":"https:\/\/glauciamodaintimasje.com.br\/site\/index.php?rest_route=%2Fwp%2Fv2%2Fmedia&parent=1052"}],"wp:term":[{"taxonomy":"product_cat","embeddable":true,"href":"https:\/\/glauciamodaintimasje.com.br\/site\/index.php?rest_route=%2Fwp%2Fv2%2Fproduct_cat&post=1052"},{"taxonomy":"product_tag","embeddable":true,"href":"https:\/\/glauciamodaintimasje.com.br\/site\/index.php?rest_route=%2Fwp%2Fv2%2Fproduct_tag&post=1052"}],"curies":[{"name":"wp","href":"https:\/\/api.w.org\/{rel}","templated":true}]}}