{"id":1026,"date":"2024-08-01T15:11:05","date_gmt":"2024-08-01T18:11:05","guid":{"rendered":"https:\/\/glauciamodaintimasje.com.br\/site\/?post_type=product&#038;p=1026"},"modified":"2024-11-06T14:46:16","modified_gmt":"2024-11-06T17:46:16","slug":"biquini-calor-da-pele-parte-unica-ref-6419","status":"publish","type":"product","link":"https:\/\/glauciamodaintimasje.com.br\/site\/?product=biquini-calor-da-pele-parte-unica-ref-6419","title":{"rendered":"BIQU\u00cdNI CALOR DA PELE- PARTE \u00daNICA REF.6419"},"content":{"rendered":"<p>MEIA TA\u00c7A<\/p>\n<p>CONFORT\u00c1VEL<\/p>\n<p>\u00d3TIMA DURABILIDADE<\/p>\n<p>COM BOJO<\/p>\n<p>COM ARO<\/p>\n<p>Tam. G<\/p>\n<p>&nbsp;<\/p>\n","protected":false},"excerpt":{"rendered":"<p>MEIA TA\u00c7A CONFORT\u00c1VEL \u00d3TIMA DURABILIDADE COM BOJO COM ARO Tam. G &nbsp;<\/p>\n","protected":false},"featured_media":1027,"template":"","meta":[],"product_cat":[89],"product_tag":[90,93,52,53,43,92,91],"class_list":{"0":"post-1026","1":"product","2":"type-product","3":"status-publish","4":"has-post-thumbnail","6":"product_cat-biquini","7":"product_tag-biquini","8":"product_tag-calor-da-pele","9":"product_tag-com-aro","10":"product_tag-com-bojo","11":"product_tag-confortavel","12":"product_tag-estampado","13":"product_tag-parte-de-cima-separada","15":"first","16":"outofstock","17":"sale","18":"shipping-taxable","19":"purchasable","20":"product-type-simple"},"_links":{"self":[{"href":"https:\/\/glauciamodaintimasje.com.br\/site\/index.php?rest_route=\/wp\/v2\/product\/1026"}],"collection":[{"href":"https:\/\/glauciamodaintimasje.com.br\/site\/index.php?rest_route=\/wp\/v2\/product"}],"about":[{"href":"https:\/\/glauciamodaintimasje.com.br\/site\/index.php?rest_route=\/wp\/v2\/types\/product"}],"wp:featuredmedia":[{"embeddable":true,"href":"https:\/\/glauciamodaintimasje.com.br\/site\/index.php?rest_route=\/wp\/v2\/media\/1027"}],"wp:attachment":[{"href":"https:\/\/glauciamodaintimasje.com.br\/site\/index.php?rest_route=%2Fwp%2Fv2%2Fmedia&parent=1026"}],"wp:term":[{"taxonomy":"product_cat","embeddable":true,"href":"https:\/\/glauciamodaintimasje.com.br\/site\/index.php?rest_route=%2Fwp%2Fv2%2Fproduct_cat&post=1026"},{"taxonomy":"product_tag","embeddable":true,"href":"https:\/\/glauciamodaintimasje.com.br\/site\/index.php?rest_route=%2Fwp%2Fv2%2Fproduct_tag&post=1026"}],"curies":[{"name":"wp","href":"https:\/\/api.w.org\/{rel}","templated":true}]}}