{"id":1014,"date":"2024-08-01T14:29:58","date_gmt":"2024-08-01T17:29:58","guid":{"rendered":"https:\/\/glauciamodaintimasje.com.br\/site\/?post_type=product&#038;p=1014"},"modified":"2024-11-06T14:41:00","modified_gmt":"2024-11-06T17:41:00","slug":"calc-cinta-sanny-3","status":"publish","type":"product","link":"https:\/\/glauciamodaintimasje.com.br\/site\/?product=calc-cinta-sanny-3","title":{"rendered":"CALC. CINTA SANNY"},"content":{"rendered":"<p>90% POLIAMIDA<\/p>\n<p>10% ELASTANO<\/p>\n<p>FORRO 100% ALGOD\u00c3O<\/p>\n<p>\u00d3TIMA COMPRESS\u00c3O<\/p>\n<p>\u00d3TIMA DURABILIDADE<\/p>\n<p>Tam. P<\/p>\n<p>CREME<\/p>\n","protected":false},"excerpt":{"rendered":"<p>90% POLIAMIDA 10% ELASTANO FORRO 100% ALGOD\u00c3O \u00d3TIMA COMPRESS\u00c3O \u00d3TIMA DURABILIDADE Tam. P CREME<\/p>\n","protected":false},"featured_media":1015,"template":"","meta":[],"product_cat":[],"product_tag":[71,84,86,43,87,85],"class_list":{"0":"post-1014","1":"product","2":"type-product","3":"status-publish","4":"has-post-thumbnail","6":"product_tag-calcinha","7":"product_tag-cinta","8":"product_tag-compressao","9":"product_tag-confortavel","10":"product_tag-creme","11":"product_tag-sanny","13":"first","14":"instock","15":"sale","16":"shipping-taxable","17":"purchasable","18":"product-type-simple"},"_links":{"self":[{"href":"https:\/\/glauciamodaintimasje.com.br\/site\/index.php?rest_route=\/wp\/v2\/product\/1014"}],"collection":[{"href":"https:\/\/glauciamodaintimasje.com.br\/site\/index.php?rest_route=\/wp\/v2\/product"}],"about":[{"href":"https:\/\/glauciamodaintimasje.com.br\/site\/index.php?rest_route=\/wp\/v2\/types\/product"}],"wp:featuredmedia":[{"embeddable":true,"href":"https:\/\/glauciamodaintimasje.com.br\/site\/index.php?rest_route=\/wp\/v2\/media\/1015"}],"wp:attachment":[{"href":"https:\/\/glauciamodaintimasje.com.br\/site\/index.php?rest_route=%2Fwp%2Fv2%2Fmedia&parent=1014"}],"wp:term":[{"taxonomy":"product_cat","embeddable":true,"href":"https:\/\/glauciamodaintimasje.com.br\/site\/index.php?rest_route=%2Fwp%2Fv2%2Fproduct_cat&post=1014"},{"taxonomy":"product_tag","embeddable":true,"href":"https:\/\/glauciamodaintimasje.com.br\/site\/index.php?rest_route=%2Fwp%2Fv2%2Fproduct_tag&post=1014"}],"curies":[{"name":"wp","href":"https:\/\/api.w.org\/{rel}","templated":true}]}}